{"id":2838,"date":"2024-04-12T11:18:07","date_gmt":"2024-04-12T11:18:07","guid":{"rendered":"https:\/\/www.freibad-kevelaer.de\/?page_id=2838"},"modified":"2024-04-12T11:20:28","modified_gmt":"2024-04-12T11:20:28","slug":"mitgliederbrief-2023","status":"publish","type":"page","link":"https:\/\/www.freibad-kevelaer.de\/en\/mitgliederbrief-2023\/","title":{"rendered":"Mitgliederbrief 2023"},"content":{"rendered":"<div data-elementor-type=\"wp-page\" data-elementor-id=\"2838\" class=\"elementor elementor-2838\">\n\t\t\t\t\t\t<section class=\"elementor-section elementor-top-section elementor-element elementor-element-93c6df3 elementor-section-boxed elementor-section-height-default elementor-section-height-default wpr-particle-no wpr-jarallax-no wpr-parallax-no wpr-sticky-section-no\" data-id=\"93c6df3\" data-element_type=\"section\" data-e-type=\"section\">\n\t\t\t\t\t\t<div class=\"elementor-container elementor-column-gap-default\">\n\t\t\t\t\t<div class=\"elementor-column elementor-col-100 elementor-top-column elementor-element elementor-element-8369f64\" data-id=\"8369f64\" data-element_type=\"column\" data-e-type=\"column\">\n\t\t\t<div class=\"elementor-widget-wrap elementor-element-populated\">\n\t\t\t\t\t\t<div class=\"elementor-element elementor-element-59b4acb elementor-widget elementor-widget-heading\" data-id=\"59b4acb\" data-element_type=\"widget\" data-e-type=\"widget\" data-widget_type=\"heading.default\">\n\t\t\t\t<div class=\"elementor-widget-container\">\n\t\t\t\t\t<h2 class=\"elementor-heading-title elementor-size-default\">Mitgliederbrief 2023<\/h2>\t\t\t\t<\/div>\n\t\t\t\t<\/div>\n\t\t\t\t<div class=\"elementor-element elementor-element-3cbf22e elementor-widget elementor-widget-text-editor\" data-id=\"3cbf22e\" data-element_type=\"widget\" data-e-type=\"widget\" data-widget_type=\"text-editor.default\">\n\t\t\t\t<div class=\"elementor-widget-container\">\n\t\t\t\t\t\t\t\t\t<p>dear members,<br><br>seit einem Vierteljahrhundert setzt sich der B\u00e4derverein schon f\u00fcr den Erhalt der B\u00e4derlandschaft in Kevelaer ein. Besonders die Sanierung des bald 94 Jahre alten Freibades ist ein Hauptanliegen des Vereins. Das ist nur m\u00f6glich, weil ein ehrenamtliches Technik-Team Jahr f\u00fcr Jahr au\u00dferhalb der Freibadsaison notwendige Sanierungsarbeiten durchf\u00fchrt. In den letzten Monaten wurden etwa im Nichtschwimmer-Becken die Folien an den Au\u00dfenw\u00e4nden erneuert. <br><br>Unsere knapp 3.000 Mitglieder sorgen aber auch mit ihren Mitgliedsbeitr\u00e4gen daf\u00fcr, dass viele weitere Ma\u00dfnahmen durchgef\u00fchrt werden k\u00f6nnen. U.a. f\u00fcr die Sanierung des Sanit\u00e4rgeb\u00e4udes, f\u00fcr die Beschaffung von Filtermaterial oder f\u00fcr die Markisen im Eingangsbereich wurden im vergangenen Jahr 219.000 Euro&nbsp; ausgegeben. <br><br>Weil das Thema Energieeinsparung immer wichtiger wird, finanziert der B\u00e4derverein u.a. in diesem Jahr eine Photovoltaikanlage, die bereits auf dem Dach des Technik-Geb\u00e4udes installiert wurde. <br><br>Au\u00dferhalb des Freibades gibt es noch diese Nachricht:&nbsp; &#8222;Ausgebucht&#8220; ist unser Tr\u00f6delmarkt am 14. Mai 2023 auf dem Parkplatz des Hallenbades. <br>However, organizer Hans-Gerd Joosten is already pointing out that the<br>n\u00e4chste Tr\u00f6delmarkt am Sonntag, 28. April 2024, stattfindet. Mitglieder des B\u00e4dervereins k\u00f6nnen sich auf jeden Fall &#8222;exklusiv&#8220; f\u00fcr diesen Tr\u00f6delmarkt vom 2. bis 31. Januar 2024 bei Hans-Gerd-Joosten (Tel. 02832\/70397) f\u00fcr maximal zwei Pl\u00e4tze anmelden. Ab dem 1. Februar 2024 werden die Standpl\u00e4tze auch an Nicht-Mitglieder vergeben. <br><br>Are you missing membership cards for your children who turned 16 last year? According to our statutes, children and young people aged 16 and over are no longer eligible for the family membership fee. If you are still interested in becoming a member, these young people must register again.<br><br>Dazu stehen in der Zeit vom 6. Mai bis 15. Juli 2023 (au\u00dfer Kirmessamstag 20. Mai) Vorstandsmitglieder und ehrenamtliche Mitglieder des B\u00e4dervereins jeden Samstag von 10 bis 14 Uhr pers\u00f6nlich als Ansprechpartner im Freibad zur Verf\u00fcgung. <br><br>Alle weiteren Fragen rund um die Mitgliedschaft beantworten gerne unsere Vorstandsmitglieder Edeltraud und Dieter M\u00f6llerke unter Tel. 02832\/5223.<br><br><br>Wishing you a sunny outdoor pool season <br><br><br><br><br>Klaus Sch\u00fcrmanns<br>Chairman<br><br><\/p>\t\t\t\t\t\t\t\t<\/div>\n\t\t\t\t<\/div>\n\t\t\t\t\t<\/div>\n\t\t<\/div>\n\t\t\t\t\t<\/div>\n\t\t<\/section>\n\t\t\t\t<\/div>","protected":false},"excerpt":{"rendered":"<p>Mitgliederbrief 2023 Liebe Mitglieder, seit einem Vierteljahrhundert setzt sich der B\u00e4derverein schon f\u00fcr den Erhalt der B\u00e4derlandschaft in Kevelaer ein. Besonders die Sanierung des bald 94 Jahre alten Freibades ist ein Hauptanliegen des Vereins. Das ist nur m\u00f6glich, weil ein ehrenamtliches Technik-Team Jahr f\u00fcr Jahr au\u00dferhalb der Freibadsaison notwendige Sanierungsarbeiten durchf\u00fchrt. In den letzten Monaten wurden etwa im Nichtschwimmer-Becken die Folien an den Au\u00dfenw\u00e4nden erneuert. Unsere knapp 3.000 Mitglieder sorgen aber auch mit ihren Mitgliedsbeitr\u00e4gen daf\u00fcr, dass viele weitere Ma\u00dfnahmen durchgef\u00fchrt werden k\u00f6nnen. U.a. f\u00fcr die Sanierung des Sanit\u00e4rgeb\u00e4udes, f\u00fcr die Beschaffung von Filtermaterial oder f\u00fcr die Markisen im Eingangsbereich wurden im vergangenen Jahr 219.000 Euro&nbsp; ausgegeben. Weil das Thema Energieeinsparung immer wichtiger wird, finanziert der B\u00e4derverein u.a. in diesem Jahr eine Photovoltaikanlage, die bereits auf dem Dach des Technik-Geb\u00e4udes installiert wurde. Au\u00dferhalb des Freibades gibt es noch diese Nachricht:&nbsp; &#8222;Ausgebucht&#8220; ist unser Tr\u00f6delmarkt am 14. Mai 2023 auf dem Parkplatz des Hallenbades. Organisator Hans-Gerd Joosten weist aber schon jetzt darauf hin, dass dern\u00e4chste Tr\u00f6delmarkt am Sonntag, 28. April 2024, stattfindet. Mitglieder des B\u00e4dervereins k\u00f6nnen sich auf jeden Fall &#8222;exklusiv&#8220; f\u00fcr diesen Tr\u00f6delmarkt vom 2. bis 31. Januar 2024 bei Hans-Gerd-Joosten (Tel. 02832\/70397) f\u00fcr maximal zwei Pl\u00e4tze anmelden. Ab dem 1. Februar 2024 werden die Standpl\u00e4tze auch an Nicht-Mitglieder vergeben. Vermisst Ihr Mitgliedsausweise von Euren Kindern, die im letzten Jahr 16 Jahre alt geworden sind? Laut unserer Satzung fallen Kinder und Jugendliche ab 16 Jahre aus dem Familienbeitrag heraus. Sollte weiterhin Interesse an einer Mitgliedschaft bestehen, m\u00fcssen sich diese Jugendlichen neu anmelden. Dazu stehen in der Zeit vom 6. Mai bis 15. Juli 2023 (au\u00dfer Kirmessamstag 20. Mai) Vorstandsmitglieder und ehrenamtliche Mitglieder des B\u00e4dervereins jeden Samstag von 10 bis 14 Uhr pers\u00f6nlich als Ansprechpartner im Freibad zur Verf\u00fcgung. Alle weiteren Fragen rund um die Mitgliedschaft beantworten gerne unsere Vorstandsmitglieder Edeltraud und Dieter M\u00f6llerke unter Tel. 02832\/5223. Ein sonnige Freibadsaison w\u00fcnscht Klaus Sch\u00fcrmannsVorsitzender<\/p>","protected":false},"author":2,"featured_media":0,"parent":0,"menu_order":0,"comment_status":"closed","ping_status":"closed","template":"","meta":{"footnotes":""},"class_list":["post-2838","page","type-page","status-publish","hentry"],"yoast_head":"<!-- This site is optimized with the Yoast SEO plugin v27.2 - https:\/\/yoast.com\/product\/yoast-seo-wordpress\/ -->\n<title>Mitgliederbrief 2023 - Freibad Kevelaer<\/title>\n<meta name=\"robots\" content=\"index, follow, max-snippet:-1, max-image-preview:large, max-video-preview:-1\" \/>\n<link rel=\"canonical\" href=\"https:\/\/www.freibad-kevelaer.de\/en\/mitgliederbrief-2023\/\" \/>\n<meta property=\"og:locale\" content=\"en_US\" \/>\n<meta property=\"og:type\" content=\"article\" \/>\n<meta property=\"og:title\" content=\"Mitgliederbrief 2023 - Freibad Kevelaer\" \/>\n<meta property=\"og:description\" content=\"Mitgliederbrief 2023 Liebe Mitglieder, seit einem Vierteljahrhundert setzt sich der B\u00e4derverein schon f\u00fcr den Erhalt der B\u00e4derlandschaft in Kevelaer ein. Besonders die Sanierung des bald 94 Jahre alten Freibades ist ein Hauptanliegen des Vereins. Das ist nur m\u00f6glich, weil ein ehrenamtliches Technik-Team Jahr f\u00fcr Jahr au\u00dferhalb der Freibadsaison notwendige Sanierungsarbeiten durchf\u00fchrt. In den letzten Monaten wurden etwa im Nichtschwimmer-Becken die Folien an den Au\u00dfenw\u00e4nden erneuert. Unsere knapp 3.000 Mitglieder sorgen aber auch mit ihren Mitgliedsbeitr\u00e4gen daf\u00fcr, dass viele weitere Ma\u00dfnahmen durchgef\u00fchrt werden k\u00f6nnen. U.a. f\u00fcr die Sanierung des Sanit\u00e4rgeb\u00e4udes, f\u00fcr die Beschaffung von Filtermaterial oder f\u00fcr die Markisen im Eingangsbereich wurden im vergangenen Jahr 219.000 Euro&nbsp; ausgegeben. Weil das Thema Energieeinsparung immer wichtiger wird, finanziert der B\u00e4derverein u.a. in diesem Jahr eine Photovoltaikanlage, die bereits auf dem Dach des Technik-Geb\u00e4udes installiert wurde. Au\u00dferhalb des Freibades gibt es noch diese Nachricht:&nbsp; &#8222;Ausgebucht&#8220; ist unser Tr\u00f6delmarkt am 14. Mai 2023 auf dem Parkplatz des Hallenbades. Organisator Hans-Gerd Joosten weist aber schon jetzt darauf hin, dass dern\u00e4chste Tr\u00f6delmarkt am Sonntag, 28. April 2024, stattfindet. Mitglieder des B\u00e4dervereins k\u00f6nnen sich auf jeden Fall &#8222;exklusiv&#8220; f\u00fcr diesen Tr\u00f6delmarkt vom 2. bis 31. Januar 2024 bei Hans-Gerd-Joosten (Tel. 02832\/70397) f\u00fcr maximal zwei Pl\u00e4tze anmelden. Ab dem 1. Februar 2024 werden die Standpl\u00e4tze auch an Nicht-Mitglieder vergeben. Vermisst Ihr Mitgliedsausweise von Euren Kindern, die im letzten Jahr 16 Jahre alt geworden sind? Laut unserer Satzung fallen Kinder und Jugendliche ab 16 Jahre aus dem Familienbeitrag heraus. Sollte weiterhin Interesse an einer Mitgliedschaft bestehen, m\u00fcssen sich diese Jugendlichen neu anmelden. Dazu stehen in der Zeit vom 6. Mai bis 15. Juli 2023 (au\u00dfer Kirmessamstag 20. Mai) Vorstandsmitglieder und ehrenamtliche Mitglieder des B\u00e4dervereins jeden Samstag von 10 bis 14 Uhr pers\u00f6nlich als Ansprechpartner im Freibad zur Verf\u00fcgung. Alle weiteren Fragen rund um die Mitgliedschaft beantworten gerne unsere Vorstandsmitglieder Edeltraud und Dieter M\u00f6llerke unter Tel. 02832\/5223. Ein sonnige Freibadsaison w\u00fcnscht Klaus Sch\u00fcrmannsVorsitzender\" \/>\n<meta property=\"og:url\" content=\"https:\/\/www.freibad-kevelaer.de\/en\/mitgliederbrief-2023\/\" \/>\n<meta property=\"og:site_name\" content=\"Freibad Kevelaer\" \/>\n<meta property=\"article:publisher\" content=\"https:\/\/www.facebook.com\/Wallfahrtsstadt-Kevelaer-Freibad-111020147309254\/\" \/>\n<meta property=\"article:modified_time\" content=\"2024-04-12T11:20:28+00:00\" \/>\n<meta name=\"twitter:card\" content=\"summary_large_image\" \/>\n<meta name=\"twitter:label1\" content=\"Est. reading time\" \/>\n\t<meta name=\"twitter:data1\" content=\"2 minutes\" \/>\n<script type=\"application\/ld+json\" class=\"yoast-schema-graph\">{\"@context\":\"https:\/\/schema.org\",\"@graph\":[{\"@type\":\"WebPage\",\"@id\":\"https:\/\/www.freibad-kevelaer.de\/mitgliederbrief-2023\/\",\"url\":\"https:\/\/www.freibad-kevelaer.de\/mitgliederbrief-2023\/\",\"name\":\"Mitgliederbrief 2023 - Freibad Kevelaer\",\"isPartOf\":{\"@id\":\"https:\/\/www.freibad-kevelaer.de\/#website\"},\"datePublished\":\"2024-04-12T11:18:07+00:00\",\"dateModified\":\"2024-04-12T11:20:28+00:00\",\"breadcrumb\":{\"@id\":\"https:\/\/www.freibad-kevelaer.de\/mitgliederbrief-2023\/#breadcrumb\"},\"inLanguage\":\"en-US\",\"potentialAction\":[{\"@type\":\"ReadAction\",\"target\":[\"https:\/\/www.freibad-kevelaer.de\/mitgliederbrief-2023\/\"]}]},{\"@type\":\"BreadcrumbList\",\"@id\":\"https:\/\/www.freibad-kevelaer.de\/mitgliederbrief-2023\/#breadcrumb\",\"itemListElement\":[{\"@type\":\"ListItem\",\"position\":1,\"name\":\"Startseite\",\"item\":\"https:\/\/www.freibad-kevelaer.de\/\"},{\"@type\":\"ListItem\",\"position\":2,\"name\":\"Mitgliederbrief 2023\"}]},{\"@type\":\"WebSite\",\"@id\":\"https:\/\/www.freibad-kevelaer.de\/#website\",\"url\":\"https:\/\/www.freibad-kevelaer.de\/\",\"name\":\"Freibad Kevelaer\",\"description\":\"Neuigkeiten, Services, Eintrittspreise, Mitgliedsantrag... einfach alles \u00fcber das Freibad Kevelaer und den B\u00e4derverein Kevelaer e.V.\",\"alternateName\":\"B\u00e4derverein Kevelaer e.V.\",\"potentialAction\":[{\"@type\":\"SearchAction\",\"target\":{\"@type\":\"EntryPoint\",\"urlTemplate\":\"https:\/\/www.freibad-kevelaer.de\/?s={search_term_string}\"},\"query-input\":{\"@type\":\"PropertyValueSpecification\",\"valueRequired\":true,\"valueName\":\"search_term_string\"}}],\"inLanguage\":\"en-US\"}]}<\/script>\n<!-- \/ Yoast SEO plugin. -->","yoast_head_json":{"title":"Mitgliederbrief 2023 - Freibad Kevelaer","robots":{"index":"index","follow":"follow","max-snippet":"max-snippet:-1","max-image-preview":"max-image-preview:large","max-video-preview":"max-video-preview:-1"},"canonical":"https:\/\/www.freibad-kevelaer.de\/en\/mitgliederbrief-2023\/","og_locale":"en_US","og_type":"article","og_title":"Mitgliederbrief 2023 - Freibad Kevelaer","og_description":"Mitgliederbrief 2023 Liebe Mitglieder, seit einem Vierteljahrhundert setzt sich der B\u00e4derverein schon f\u00fcr den Erhalt der B\u00e4derlandschaft in Kevelaer ein. Besonders die Sanierung des bald 94 Jahre alten Freibades ist ein Hauptanliegen des Vereins. Das ist nur m\u00f6glich, weil ein ehrenamtliches Technik-Team Jahr f\u00fcr Jahr au\u00dferhalb der Freibadsaison notwendige Sanierungsarbeiten durchf\u00fchrt. In den letzten Monaten wurden etwa im Nichtschwimmer-Becken die Folien an den Au\u00dfenw\u00e4nden erneuert. Unsere knapp 3.000 Mitglieder sorgen aber auch mit ihren Mitgliedsbeitr\u00e4gen daf\u00fcr, dass viele weitere Ma\u00dfnahmen durchgef\u00fchrt werden k\u00f6nnen. U.a. f\u00fcr die Sanierung des Sanit\u00e4rgeb\u00e4udes, f\u00fcr die Beschaffung von Filtermaterial oder f\u00fcr die Markisen im Eingangsbereich wurden im vergangenen Jahr 219.000 Euro&nbsp; ausgegeben. Weil das Thema Energieeinsparung immer wichtiger wird, finanziert der B\u00e4derverein u.a. in diesem Jahr eine Photovoltaikanlage, die bereits auf dem Dach des Technik-Geb\u00e4udes installiert wurde. Au\u00dferhalb des Freibades gibt es noch diese Nachricht:&nbsp; &#8222;Ausgebucht&#8220; ist unser Tr\u00f6delmarkt am 14. Mai 2023 auf dem Parkplatz des Hallenbades. Organisator Hans-Gerd Joosten weist aber schon jetzt darauf hin, dass dern\u00e4chste Tr\u00f6delmarkt am Sonntag, 28. April 2024, stattfindet. Mitglieder des B\u00e4dervereins k\u00f6nnen sich auf jeden Fall &#8222;exklusiv&#8220; f\u00fcr diesen Tr\u00f6delmarkt vom 2. bis 31. Januar 2024 bei Hans-Gerd-Joosten (Tel. 02832\/70397) f\u00fcr maximal zwei Pl\u00e4tze anmelden. Ab dem 1. Februar 2024 werden die Standpl\u00e4tze auch an Nicht-Mitglieder vergeben. Vermisst Ihr Mitgliedsausweise von Euren Kindern, die im letzten Jahr 16 Jahre alt geworden sind? Laut unserer Satzung fallen Kinder und Jugendliche ab 16 Jahre aus dem Familienbeitrag heraus. Sollte weiterhin Interesse an einer Mitgliedschaft bestehen, m\u00fcssen sich diese Jugendlichen neu anmelden. Dazu stehen in der Zeit vom 6. Mai bis 15. Juli 2023 (au\u00dfer Kirmessamstag 20. Mai) Vorstandsmitglieder und ehrenamtliche Mitglieder des B\u00e4dervereins jeden Samstag von 10 bis 14 Uhr pers\u00f6nlich als Ansprechpartner im Freibad zur Verf\u00fcgung. Alle weiteren Fragen rund um die Mitgliedschaft beantworten gerne unsere Vorstandsmitglieder Edeltraud und Dieter M\u00f6llerke unter Tel. 02832\/5223. Ein sonnige Freibadsaison w\u00fcnscht Klaus Sch\u00fcrmannsVorsitzender","og_url":"https:\/\/www.freibad-kevelaer.de\/en\/mitgliederbrief-2023\/","og_site_name":"Freibad Kevelaer","article_publisher":"https:\/\/www.facebook.com\/Wallfahrtsstadt-Kevelaer-Freibad-111020147309254\/","article_modified_time":"2024-04-12T11:20:28+00:00","twitter_card":"summary_large_image","twitter_misc":{"Est. reading time":"2 minutes"},"schema":{"@context":"https:\/\/schema.org","@graph":[{"@type":"WebPage","@id":"https:\/\/www.freibad-kevelaer.de\/mitgliederbrief-2023\/","url":"https:\/\/www.freibad-kevelaer.de\/mitgliederbrief-2023\/","name":"Mitgliederbrief 2023 - Freibad Kevelaer","isPartOf":{"@id":"https:\/\/www.freibad-kevelaer.de\/#website"},"datePublished":"2024-04-12T11:18:07+00:00","dateModified":"2024-04-12T11:20:28+00:00","breadcrumb":{"@id":"https:\/\/www.freibad-kevelaer.de\/mitgliederbrief-2023\/#breadcrumb"},"inLanguage":"en-US","potentialAction":[{"@type":"ReadAction","target":["https:\/\/www.freibad-kevelaer.de\/mitgliederbrief-2023\/"]}]},{"@type":"BreadcrumbList","@id":"https:\/\/www.freibad-kevelaer.de\/mitgliederbrief-2023\/#breadcrumb","itemListElement":[{"@type":"ListItem","position":1,"name":"Startseite","item":"https:\/\/www.freibad-kevelaer.de\/"},{"@type":"ListItem","position":2,"name":"Mitgliederbrief 2023"}]},{"@type":"WebSite","@id":"https:\/\/www.freibad-kevelaer.de\/#website","url":"https:\/\/www.freibad-kevelaer.de\/","name":"Freibad Kevelaer","description":"Neuigkeiten, Services, Eintrittspreise, Mitgliedsantrag... einfach alles \u00fcber das Freibad Kevelaer und den B\u00e4derverein Kevelaer e.V.","alternateName":"B\u00e4derverein Kevelaer e.V.","potentialAction":[{"@type":"SearchAction","target":{"@type":"EntryPoint","urlTemplate":"https:\/\/www.freibad-kevelaer.de\/?s={search_term_string}"},"query-input":{"@type":"PropertyValueSpecification","valueRequired":true,"valueName":"search_term_string"}}],"inLanguage":"en-US"}]}},"_links":{"self":[{"href":"https:\/\/www.freibad-kevelaer.de\/en\/wp-json\/wp\/v2\/pages\/2838","targetHints":{"allow":["GET"]}}],"collection":[{"href":"https:\/\/www.freibad-kevelaer.de\/en\/wp-json\/wp\/v2\/pages"}],"about":[{"href":"https:\/\/www.freibad-kevelaer.de\/en\/wp-json\/wp\/v2\/types\/page"}],"author":[{"embeddable":true,"href":"https:\/\/www.freibad-kevelaer.de\/en\/wp-json\/wp\/v2\/users\/2"}],"replies":[{"embeddable":true,"href":"https:\/\/www.freibad-kevelaer.de\/en\/wp-json\/wp\/v2\/comments?post=2838"}],"version-history":[{"count":7,"href":"https:\/\/www.freibad-kevelaer.de\/en\/wp-json\/wp\/v2\/pages\/2838\/revisions"}],"predecessor-version":[{"id":2845,"href":"https:\/\/www.freibad-kevelaer.de\/en\/wp-json\/wp\/v2\/pages\/2838\/revisions\/2845"}],"wp:attachment":[{"href":"https:\/\/www.freibad-kevelaer.de\/en\/wp-json\/wp\/v2\/media?parent=2838"}],"curies":[{"name":"wp","href":"https:\/\/api.w.org\/{rel}","templated":true}]}}