{"id":272,"date":"2020-04-16T13:47:11","date_gmt":"2020-04-16T13:47:11","guid":{"rendered":"https:\/\/www.freibad-kevelaer.de\/?page_id=272"},"modified":"2025-12-14T15:04:29","modified_gmt":"2025-12-14T14:04:29","slug":"der-vorstand-des-baederverein-kevelaer-e-v","status":"publish","type":"page","link":"https:\/\/www.freibad-kevelaer.de\/en\/der-vorstand-des-baederverein-kevelaer-e-v\/","title":{"rendered":"The Board of Directors of B\u00e4derverein Kevelaer e.V."},"content":{"rendered":"<div data-elementor-type=\"wp-page\" data-elementor-id=\"272\" class=\"elementor elementor-272\">\n\t\t\t\t\t\t<section class=\"elementor-section elementor-top-section elementor-element elementor-element-f16d262 elementor-section-boxed elementor-section-height-default elementor-section-height-default wpr-particle-no wpr-jarallax-no wpr-parallax-no wpr-sticky-section-no\" data-id=\"f16d262\" data-element_type=\"section\" data-e-type=\"section\">\n\t\t\t\t\t\t<div class=\"elementor-container elementor-column-gap-default\">\n\t\t\t\t\t<div class=\"elementor-column elementor-col-100 elementor-top-column elementor-element elementor-element-db94d85\" data-id=\"db94d85\" data-element_type=\"column\" data-e-type=\"column\">\n\t\t\t<div class=\"elementor-widget-wrap elementor-element-populated\">\n\t\t\t\t\t\t<div class=\"elementor-element elementor-element-1573f2e elementor-widget elementor-widget-spacer\" data-id=\"1573f2e\" data-element_type=\"widget\" data-e-type=\"widget\" data-widget_type=\"spacer.default\">\n\t\t\t\t<div class=\"elementor-widget-container\">\n\t\t\t\t\t\t\t<div class=\"elementor-spacer\">\n\t\t\t<div class=\"elementor-spacer-inner\"><\/div>\n\t\t<\/div>\n\t\t\t\t\t\t<\/div>\n\t\t\t\t<\/div>\n\t\t\t\t<div class=\"elementor-element elementor-element-c8a4fc0 elementor-widget elementor-widget-heading\" data-id=\"c8a4fc0\" data-element_type=\"widget\" data-e-type=\"widget\" data-widget_type=\"heading.default\">\n\t\t\t\t<div class=\"elementor-widget-container\">\n\t\t\t\t\t<h2 class=\"elementor-heading-title elementor-size-default\">The Board of Directors of B\u00e4derverein Kevelaer e.V.<\/h2>\t\t\t\t<\/div>\n\t\t\t\t<\/div>\n\t\t\t\t\t<\/div>\n\t\t<\/div>\n\t\t\t\t\t<\/div>\n\t\t<\/section>\n\t\t\t\t<section class=\"elementor-section elementor-top-section elementor-element elementor-element-31920f9 elementor-section-full_width elementor-section-stretched elementor-section-height-default elementor-section-height-default wpr-particle-no wpr-jarallax-no wpr-parallax-no wpr-sticky-section-no\" data-id=\"31920f9\" data-element_type=\"section\" data-e-type=\"section\" data-settings=\"{&quot;stretch_section&quot;:&quot;section-stretched&quot;}\">\n\t\t\t\t\t\t<div class=\"elementor-container elementor-column-gap-default\">\n\t\t\t\t\t<div class=\"elementor-column elementor-col-100 elementor-top-column elementor-element elementor-element-79ca21a\" data-id=\"79ca21a\" data-element_type=\"column\" data-e-type=\"column\">\n\t\t\t<div class=\"elementor-widget-wrap elementor-element-populated\">\n\t\t\t\t\t\t<div class=\"elementor-element elementor-element-b438161 elementor-widget elementor-widget-spacer\" data-id=\"b438161\" data-element_type=\"widget\" data-e-type=\"widget\" data-widget_type=\"spacer.default\">\n\t\t\t\t<div class=\"elementor-widget-container\">\n\t\t\t\t\t\t\t<div class=\"elementor-spacer\">\n\t\t\t<div class=\"elementor-spacer-inner\"><\/div>\n\t\t<\/div>\n\t\t\t\t\t\t<\/div>\n\t\t\t\t<\/div>\n\t\t\t\t<section class=\"elementor-section elementor-inner-section elementor-element elementor-element-8b326e0 elementor-section-boxed elementor-section-height-default elementor-section-height-default wpr-particle-no wpr-jarallax-no wpr-parallax-no wpr-sticky-section-no\" data-id=\"8b326e0\" data-element_type=\"section\" data-e-type=\"section\">\n\t\t\t\t\t\t<div class=\"elementor-container elementor-column-gap-no\">\n\t\t\t\t\t<div class=\"elementor-column elementor-col-50 elementor-inner-column elementor-element elementor-element-7bdb679\" data-id=\"7bdb679\" data-element_type=\"column\" data-e-type=\"column\">\n\t\t\t<div class=\"elementor-widget-wrap elementor-element-populated\">\n\t\t\t\t\t\t<div class=\"elementor-element elementor-element-8bb0633 elementor-widget elementor-widget-ile-item-lists-elementor-widget\" data-id=\"8bb0633\" data-element_type=\"widget\" data-e-type=\"widget\" data-widget_type=\"ile-item-lists-elementor-widget.default\">\n\t\t\t\t<div class=\"elementor-widget-container\">\n\t\t\t\t\t<!-- Start Shape Bullet Style -->\r\n<div class=\"ile-shape-bullet-style\" style=\"direction:ltr;\">    <div class=\"ile-container-holder\">\r\n        <div class=\"ile-container-icon-line\">\r\n            <div class=\"ile-icon-box\">                    <svg class=\"ile-icon-shape\" viewbox=\"0 0 67 67\" fill=\"none\" xmlns=\"http:\/\/www.w3.org\/2000\/svg\">\r\n                        <path d=\"M56.0851 56.0846C43.6274 68.5424 23.429 68.5428 10.9714 56.0851C-1.4865 43.6273 -1.48583 23.4285 10.9723 10.9709C23.4303 -1.48657 43.6287 -1.4866 56.0861 10.9713C68.5433 23.4291 68.5427 43.6271 56.0851 56.0846Z\" stroke=\"black\" stroke-width=\"1\"\/>\r\n                    <\/svg><i aria-hidden=\"true\" class=\"ile-icon fas fa-user-check\"><\/i>            <\/div>\r\n            <div class=\"ile-line\"><\/div>\r\n        <\/div>\r\n        <div class=\"ile-content-box\">\r\n            <h2 class=\"ile-title\">Chairman<\/h2>\r\n            <p class=\"ile-content\">Klaus Sch\u00fcrmanns<\/p>\r\n        <\/div>\r\n    <\/div>\r\n        <div class=\"ile-container-holder\">\r\n        <div class=\"ile-container-icon-line\">\r\n            <div class=\"ile-icon-box\">                    <svg class=\"ile-icon-shape\" viewbox=\"0 0 67 67\" fill=\"none\" xmlns=\"http:\/\/www.w3.org\/2000\/svg\">\r\n                        <path d=\"M56.0851 56.0846C43.6274 68.5424 23.429 68.5428 10.9714 56.0851C-1.4865 43.6273 -1.48583 23.4285 10.9723 10.9709C23.4303 -1.48657 43.6287 -1.4866 56.0861 10.9713C68.5433 23.4291 68.5427 43.6271 56.0851 56.0846Z\" stroke=\"black\" stroke-width=\"1\"\/>\r\n                    <\/svg><i aria-hidden=\"true\" class=\"ile-icon fas fa-user-check\"><\/i>            <\/div>\r\n            <div class=\"ile-line\"><\/div>\r\n        <\/div>\r\n        <div class=\"ile-content-box\">\r\n            <h2 class=\"ile-title\">Vice Chairman<\/h2>\r\n            <p class=\"ile-content\">Louis Winkels<\/p>\r\n        <\/div>\r\n    <\/div>\r\n        <div class=\"ile-container-holder\">\r\n        <div class=\"ile-container-icon-line\">\r\n            <div class=\"ile-icon-box\">                    <svg class=\"ile-icon-shape\" viewbox=\"0 0 67 67\" fill=\"none\" xmlns=\"http:\/\/www.w3.org\/2000\/svg\">\r\n                        <path d=\"M56.0851 56.0846C43.6274 68.5424 23.429 68.5428 10.9714 56.0851C-1.4865 43.6273 -1.48583 23.4285 10.9723 10.9709C23.4303 -1.48657 43.6287 -1.4866 56.0861 10.9713C68.5433 23.4291 68.5427 43.6271 56.0851 56.0846Z\" stroke=\"black\" stroke-width=\"1\"\/>\r\n                    <\/svg><i aria-hidden=\"true\" class=\"ile-icon fas fa-user-check\"><\/i>            <\/div>\r\n            <div class=\"ile-line\"><\/div>\r\n        <\/div>\r\n        <div class=\"ile-content-box\">\r\n            <h2 class=\"ile-title\">Vice Chairman<\/h2>\r\n            <p class=\"ile-content\">Winne Stelzer<\/p>\r\n        <\/div>\r\n    <\/div>\r\n        <div class=\"ile-container-holder\">\r\n        <div class=\"ile-container-icon-line\">\r\n            <div class=\"ile-icon-box\">                    <svg class=\"ile-icon-shape\" viewbox=\"0 0 67 67\" fill=\"none\" xmlns=\"http:\/\/www.w3.org\/2000\/svg\">\r\n                        <path d=\"M56.0851 56.0846C43.6274 68.5424 23.429 68.5428 10.9714 56.0851C-1.4865 43.6273 -1.48583 23.4285 10.9723 10.9709C23.4303 -1.48657 43.6287 -1.4866 56.0861 10.9713C68.5433 23.4291 68.5427 43.6271 56.0851 56.0846Z\" stroke=\"black\" stroke-width=\"1\"\/>\r\n                    <\/svg><i aria-hidden=\"true\" class=\"ile-icon fas fa-user-shield\"><\/i>            <\/div>\r\n            <div class=\"ile-line\"><\/div>\r\n        <\/div>\r\n        <div class=\"ile-content-box\">\r\n            <h2 class=\"ile-title\">Club Treasurer<\/h2>\r\n            <p class=\"ile-content\">Heinz-Jacob Dicks<\/p>\r\n        <\/div>\r\n    <\/div>\r\n        <div class=\"ile-container-holder\">\r\n        <div class=\"ile-container-icon-line\">\r\n            <div class=\"ile-icon-box\">                    <svg class=\"ile-icon-shape\" viewbox=\"0 0 67 67\" fill=\"none\" xmlns=\"http:\/\/www.w3.org\/2000\/svg\">\r\n                        <path d=\"M56.0851 56.0846C43.6274 68.5424 23.429 68.5428 10.9714 56.0851C-1.4865 43.6273 -1.48583 23.4285 10.9723 10.9709C23.4303 -1.48657 43.6287 -1.4866 56.0861 10.9713C68.5433 23.4291 68.5427 43.6271 56.0851 56.0846Z\" stroke=\"black\" stroke-width=\"1\"\/>\r\n                    <\/svg><i aria-hidden=\"true\" class=\"ile-icon fas fa-user-shield\"><\/i>            <\/div>\r\n            <div class=\"ile-line\"><\/div>\r\n        <\/div>\r\n        <div class=\"ile-content-box\">\r\n            <h2 class=\"ile-title\">Vice Club Treasurer<\/h2>\r\n            <p class=\"ile-content\">Edeltraud M\u00f6llerke<\/p>\r\n        <\/div>\r\n    <\/div>\r\n        <div class=\"ile-container-holder\">\r\n        <div class=\"ile-container-icon-line\">\r\n            <div class=\"ile-icon-box\">                    <svg class=\"ile-icon-shape\" viewbox=\"0 0 67 67\" fill=\"none\" xmlns=\"http:\/\/www.w3.org\/2000\/svg\">\r\n                        <path d=\"M56.0851 56.0846C43.6274 68.5424 23.429 68.5428 10.9714 56.0851C-1.4865 43.6273 -1.48583 23.4285 10.9723 10.9709C23.4303 -1.48657 43.6287 -1.4866 56.0861 10.9713C68.5433 23.4291 68.5427 43.6271 56.0851 56.0846Z\" stroke=\"black\" stroke-width=\"1\"\/>\r\n                    <\/svg><i aria-hidden=\"true\" class=\"ile-icon fas fa-user-edit\"><\/i>            <\/div>\r\n            <div class=\"ile-line\"><\/div>\r\n        <\/div>\r\n        <div class=\"ile-content-box\">\r\n            <h2 class=\"ile-title\">Secretary<\/h2>\r\n            <p class=\"ile-content\">Nadine Lemgen<\/p>\r\n        <\/div>\r\n    <\/div>\r\n        <div class=\"ile-container-holder\">\r\n        <div class=\"ile-container-icon-line\">\r\n            <div class=\"ile-icon-box\">                    <svg class=\"ile-icon-shape\" viewbox=\"0 0 67 67\" fill=\"none\" xmlns=\"http:\/\/www.w3.org\/2000\/svg\">\r\n                        <path d=\"M56.0851 56.0846C43.6274 68.5424 23.429 68.5428 10.9714 56.0851C-1.4865 43.6273 -1.48583 23.4285 10.9723 10.9709C23.4303 -1.48657 43.6287 -1.4866 56.0861 10.9713C68.5433 23.4291 68.5427 43.6271 56.0851 56.0846Z\" stroke=\"black\" stroke-width=\"1\"\/>\r\n                    <\/svg><i aria-hidden=\"true\" class=\"ile-icon fas fa-user-edit\"><\/i>            <\/div>\r\n            <div class=\"ile-line\"><\/div>\r\n        <\/div>\r\n        <div class=\"ile-content-box\">\r\n            <h2 class=\"ile-title\">Vice Secretary<\/h2>\r\n            <p class=\"ile-content\">Dieter M\u00f6llerke<\/p>\r\n        <\/div>\r\n    <\/div>\r\n    <\/div>\r\n<!-- End Shape Bullet Style -->\r\n\t\t\t\t<\/div>\n\t\t\t\t<\/div>\n\t\t\t\t\t<\/div>\n\t\t<\/div>\n\t\t\t\t<div class=\"elementor-column elementor-col-50 elementor-inner-column elementor-element elementor-element-8de2c30\" data-id=\"8de2c30\" data-element_type=\"column\" data-e-type=\"column\">\n\t\t\t<div class=\"elementor-widget-wrap elementor-element-populated\">\n\t\t\t\t\t\t<div class=\"elementor-element elementor-element-cb30ad1 elementor-widget elementor-widget-ile-item-lists-elementor-widget\" data-id=\"cb30ad1\" data-element_type=\"widget\" data-e-type=\"widget\" data-widget_type=\"ile-item-lists-elementor-widget.default\">\n\t\t\t\t<div class=\"elementor-widget-container\">\n\t\t\t\t\t<!-- Start Shape Bullet Style -->\r\n<div class=\"ile-shape-bullet-style\" style=\"direction:ltr;\">    <div class=\"ile-container-holder\">\r\n        <div class=\"ile-container-icon-line\">\r\n            <div class=\"ile-icon-box\">                    <svg class=\"ile-icon-shape\" viewbox=\"0 0 67 67\" fill=\"none\" xmlns=\"http:\/\/www.w3.org\/2000\/svg\">\r\n                        <path d=\"M56.0851 56.0846C43.6274 68.5424 23.429 68.5428 10.9714 56.0851C-1.4865 43.6273 -1.48583 23.4285 10.9723 10.9709C23.4303 -1.48657 43.6287 -1.4866 56.0861 10.9713C68.5433 23.4291 68.5427 43.6271 56.0851 56.0846Z\" stroke=\"black\" stroke-width=\"1\"\/>\r\n                    <\/svg><i aria-hidden=\"true\" class=\"ile-icon fas fa-user-cog\"><\/i>            <\/div>\r\n            <div class=\"ile-line\"><\/div>\r\n        <\/div>\r\n        <div class=\"ile-content-box\">\r\n            <h2 class=\"ile-title\">Engineering Team Leader<\/h2>\r\n            <p class=\"ile-content\">Erich Ries<\/p>\r\n        <\/div>\r\n    <\/div>\r\n        <div class=\"ile-container-holder\">\r\n        <div class=\"ile-container-icon-line\">\r\n            <div class=\"ile-icon-box\">                    <svg class=\"ile-icon-shape\" viewbox=\"0 0 67 67\" fill=\"none\" xmlns=\"http:\/\/www.w3.org\/2000\/svg\">\r\n                        <path d=\"M56.0851 56.0846C43.6274 68.5424 23.429 68.5428 10.9714 56.0851C-1.4865 43.6273 -1.48583 23.4285 10.9723 10.9709C23.4303 -1.48657 43.6287 -1.4866 56.0861 10.9713C68.5433 23.4291 68.5427 43.6271 56.0851 56.0846Z\" stroke=\"black\" stroke-width=\"1\"\/>\r\n                    <\/svg><i aria-hidden=\"true\" class=\"ile-icon fas fa-user-cog\"><\/i>            <\/div>\r\n            <div class=\"ile-line\"><\/div>\r\n        <\/div>\r\n        <div class=\"ile-content-box\">\r\n            <h2 class=\"ile-title\">Vice Engineering Team Leader<\/h2>\r\n            <p class=\"ile-content\">Marcel Lemgen<\/p>\r\n        <\/div>\r\n    <\/div>\r\n        <div class=\"ile-container-holder\">\r\n        <div class=\"ile-container-icon-line\">\r\n            <div class=\"ile-icon-box\">                    <svg class=\"ile-icon-shape\" viewbox=\"0 0 67 67\" fill=\"none\" xmlns=\"http:\/\/www.w3.org\/2000\/svg\">\r\n                        <path d=\"M56.0851 56.0846C43.6274 68.5424 23.429 68.5428 10.9714 56.0851C-1.4865 43.6273 -1.48583 23.4285 10.9723 10.9709C23.4303 -1.48657 43.6287 -1.4866 56.0861 10.9713C68.5433 23.4291 68.5427 43.6271 56.0851 56.0846Z\" stroke=\"black\" stroke-width=\"1\"\/>\r\n                    <\/svg><i aria-hidden=\"true\" class=\"ile-icon fas fa-swimmer\"><\/i>            <\/div>\r\n            <div class=\"ile-line\"><\/div>\r\n        <\/div>\r\n        <div class=\"ile-content-box\">\r\n            <h2 class=\"ile-title\">Swimming sports assessor<\/h2>\r\n            <p class=\"ile-content\">Ben Christiaens<\/p>\r\n        <\/div>\r\n    <\/div>\r\n        <div class=\"ile-container-holder\">\r\n        <div class=\"ile-container-icon-line\">\r\n            <div class=\"ile-icon-box\">                    <svg class=\"ile-icon-shape\" viewbox=\"0 0 67 67\" fill=\"none\" xmlns=\"http:\/\/www.w3.org\/2000\/svg\">\r\n                        <path d=\"M56.0851 56.0846C43.6274 68.5424 23.429 68.5428 10.9714 56.0851C-1.4865 43.6273 -1.48583 23.4285 10.9723 10.9709C23.4303 -1.48657 43.6287 -1.4866 56.0861 10.9713C68.5433 23.4291 68.5427 43.6271 56.0851 56.0846Z\" stroke=\"black\" stroke-width=\"1\"\/>\r\n                    <\/svg><i aria-hidden=\"true\" class=\"ile-icon fas fa-swimmer\"><\/i>            <\/div>\r\n            <div class=\"ile-line\"><\/div>\r\n        <\/div>\r\n        <div class=\"ile-content-box\">\r\n            <h2 class=\"ile-title\">Assessor Swimming for Children and Youth<\/h2>\r\n            <p class=\"ile-content\">Louis Winkels<\/p>\r\n        <\/div>\r\n    <\/div>\r\n        <div class=\"ile-container-holder\">\r\n        <div class=\"ile-container-icon-line\">\r\n            <div class=\"ile-icon-box\">                    <svg class=\"ile-icon-shape\" viewbox=\"0 0 94 94\" fill=\"none\" xmlns=\"http:\/\/www.w3.org\/2000\/svg\">\r\n                        <path d=\"M1.41423 46.528L46.53 1.41421L91.6418 46.528L46.528 91.6418L1.41423 46.528Z\" stroke=\"black\" stroke-width=\"1\"\/>\r\n                    <\/svg><i aria-hidden=\"true\" class=\"ile-icon fas fa-water\"><\/i>            <\/div>\r\n            <div class=\"ile-line\"><\/div>\r\n        <\/div>\r\n        <div class=\"ile-content-box\">\r\n            <h2 class=\"ile-title\">Assessor for sports and mission diving <\/h2>\r\n            <p class=\"ile-content\">Winne Stelzer<\/p>\r\n        <\/div>\r\n    <\/div>\r\n        <div class=\"ile-container-holder\">\r\n        <div class=\"ile-container-icon-line\">\r\n            <div class=\"ile-icon-box\">                    <svg class=\"ile-icon-shape\" viewbox=\"0 0 67 67\" fill=\"none\" xmlns=\"http:\/\/www.w3.org\/2000\/svg\">\r\n                        <path d=\"M56.0851 56.0846C43.6274 68.5424 23.429 68.5428 10.9714 56.0851C-1.4865 43.6273 -1.48583 23.4285 10.9723 10.9709C23.4303 -1.48657 43.6287 -1.4866 56.0861 10.9713C68.5433 23.4291 68.5427 43.6271 56.0851 56.0846Z\" stroke=\"black\" stroke-width=\"1\"\/>\r\n                    <\/svg><i aria-hidden=\"true\" class=\"ile-icon fab fa-accessible-icon\"><\/i>            <\/div>\r\n            <div class=\"ile-line\"><\/div>\r\n        <\/div>\r\n        <div class=\"ile-content-box\">\r\n            <h2 class=\"ile-title\">Assessor Sports for the Disabled<\/h2>\r\n            <p class=\"ile-content\">Armin Ascher<\/p>\r\n        <\/div>\r\n    <\/div>\r\n        <div class=\"ile-container-holder\">\r\n        <div class=\"ile-container-icon-line\">\r\n            <div class=\"ile-icon-box\">                    <svg class=\"ile-icon-shape\" viewbox=\"0 0 67 67\" fill=\"none\" xmlns=\"http:\/\/www.w3.org\/2000\/svg\">\r\n                        <path d=\"M56.0851 56.0846C43.6274 68.5424 23.429 68.5428 10.9714 56.0851C-1.4865 43.6273 -1.48583 23.4285 10.9723 10.9709C23.4303 -1.48657 43.6287 -1.4866 56.0861 10.9713C68.5433 23.4291 68.5427 43.6271 56.0851 56.0846Z\" stroke=\"black\" stroke-width=\"1\"\/>\r\n                    <\/svg><i aria-hidden=\"true\" class=\"ile-icon fas fa-user-md\"><\/i>            <\/div>\r\n            <div class=\"ile-line\"><\/div>\r\n        <\/div>\r\n        <div class=\"ile-content-box\">\r\n            <h2 class=\"ile-title\">Assessor Health Promotion<\/h2>\r\n            <p class=\"ile-content\">Karl Winkels<\/p>\r\n        <\/div>\r\n    <\/div>\r\n    <\/div>\r\n<!-- End Shape Bullet Style -->\r\n\t\t\t\t<\/div>\n\t\t\t\t<\/div>\n\t\t\t\t\t<\/div>\n\t\t<\/div>\n\t\t\t\t\t<\/div>\n\t\t<\/section>\n\t\t\t\t\t<\/div>\n\t\t<\/div>\n\t\t\t\t\t<\/div>\n\t\t<\/section>\n\t\t\t\t<\/div>","protected":false},"excerpt":{"rendered":"<p>Der Vorstand des B\u00e4derverein Kevelaer e.V. Vorsitzender Klaus Sch\u00fcrmanns Stellvertretender Vorsitzender Louis Winkels Stellvertretender Vorsitzender Winne Stelzer Schatzmeister Heinz-Jacob Dicks Stellvertretende Schatzmeisterin Edeltraud M\u00f6llerke Schriftf\u00fchrerin Nadine Lemgen Stellvertrender Schriftf\u00fchrer Dieter M\u00f6llerke Leiter Technik Team Erich Ries Stellvertretender Leiter Technik Team Marcel Lemgen Beisitzer Schwimmsport Ben Christiaens Beisitzer Kinder- und Jugendschwimmen Louis Winkels Beisitzer Sport- und Einsatztauchen Winne Stelzer Beisitzer Behindertensport Armin Ascher Beisitzer f\u00fcr Gesundheitsf\u00f6rderung Karl Winkels<\/p>","protected":false},"author":2,"featured_media":0,"parent":0,"menu_order":0,"comment_status":"closed","ping_status":"closed","template":"elementor_canvas","meta":{"footnotes":""},"class_list":["post-272","page","type-page","status-publish","hentry"],"yoast_head":"<!-- This site is optimized with the Yoast SEO plugin v27.2 - https:\/\/yoast.com\/product\/yoast-seo-wordpress\/ -->\n<title>Der Vorstand des B\u00e4derverein Kevelaer e.V. - Freibad Kevelaer<\/title>\n<meta name=\"robots\" content=\"index, follow, max-snippet:-1, max-image-preview:large, max-video-preview:-1\" \/>\n<link rel=\"canonical\" href=\"https:\/\/www.freibad-kevelaer.de\/en\/der-vorstand-des-baederverein-kevelaer-e-v\/\" \/>\n<meta property=\"og:locale\" content=\"en_US\" \/>\n<meta property=\"og:type\" content=\"article\" \/>\n<meta property=\"og:title\" content=\"Der Vorstand des B\u00e4derverein Kevelaer e.V. - Freibad Kevelaer\" \/>\n<meta property=\"og:description\" content=\"Der Vorstand des B\u00e4derverein Kevelaer e.V. Vorsitzender Klaus Sch\u00fcrmanns Stellvertretender Vorsitzender Louis Winkels Stellvertretender Vorsitzender Winne Stelzer Schatzmeister Heinz-Jacob Dicks Stellvertretende Schatzmeisterin Edeltraud M\u00f6llerke Schriftf\u00fchrerin Nadine Lemgen Stellvertrender Schriftf\u00fchrer Dieter M\u00f6llerke Leiter Technik Team Erich Ries Stellvertretender Leiter Technik Team Marcel Lemgen Beisitzer Schwimmsport Ben Christiaens Beisitzer Kinder- und Jugendschwimmen Louis Winkels Beisitzer Sport- und Einsatztauchen Winne Stelzer Beisitzer Behindertensport Armin Ascher Beisitzer f\u00fcr Gesundheitsf\u00f6rderung Karl Winkels\" \/>\n<meta property=\"og:url\" content=\"https:\/\/www.freibad-kevelaer.de\/en\/der-vorstand-des-baederverein-kevelaer-e-v\/\" \/>\n<meta property=\"og:site_name\" content=\"Freibad Kevelaer\" \/>\n<meta property=\"article:publisher\" content=\"https:\/\/www.facebook.com\/Wallfahrtsstadt-Kevelaer-Freibad-111020147309254\/\" \/>\n<meta property=\"article:modified_time\" content=\"2025-12-14T14:04:29+00:00\" \/>\n<meta name=\"twitter:card\" content=\"summary_large_image\" \/>\n<meta name=\"twitter:label1\" content=\"Est. reading time\" \/>\n\t<meta name=\"twitter:data1\" content=\"1 minute\" \/>\n<script type=\"application\/ld+json\" class=\"yoast-schema-graph\">{\"@context\":\"https:\/\/schema.org\",\"@graph\":[{\"@type\":\"WebPage\",\"@id\":\"https:\/\/www.freibad-kevelaer.de\/der-vorstand-des-baederverein-kevelaer-e-v\/\",\"url\":\"https:\/\/www.freibad-kevelaer.de\/der-vorstand-des-baederverein-kevelaer-e-v\/\",\"name\":\"Der Vorstand des B\u00e4derverein Kevelaer e.V. - Freibad Kevelaer\",\"isPartOf\":{\"@id\":\"https:\/\/www.freibad-kevelaer.de\/#website\"},\"datePublished\":\"2020-04-16T13:47:11+00:00\",\"dateModified\":\"2025-12-14T14:04:29+00:00\",\"breadcrumb\":{\"@id\":\"https:\/\/www.freibad-kevelaer.de\/der-vorstand-des-baederverein-kevelaer-e-v\/#breadcrumb\"},\"inLanguage\":\"en-US\",\"potentialAction\":[{\"@type\":\"ReadAction\",\"target\":[\"https:\/\/www.freibad-kevelaer.de\/der-vorstand-des-baederverein-kevelaer-e-v\/\"]}]},{\"@type\":\"BreadcrumbList\",\"@id\":\"https:\/\/www.freibad-kevelaer.de\/der-vorstand-des-baederverein-kevelaer-e-v\/#breadcrumb\",\"itemListElement\":[{\"@type\":\"ListItem\",\"position\":1,\"name\":\"Startseite\",\"item\":\"https:\/\/www.freibad-kevelaer.de\/\"},{\"@type\":\"ListItem\",\"position\":2,\"name\":\"Der Vorstand des B\u00e4derverein Kevelaer e.V.\"}]},{\"@type\":\"WebSite\",\"@id\":\"https:\/\/www.freibad-kevelaer.de\/#website\",\"url\":\"https:\/\/www.freibad-kevelaer.de\/\",\"name\":\"Freibad Kevelaer\",\"description\":\"Neuigkeiten, Services, Eintrittspreise, Mitgliedsantrag... einfach alles \u00fcber das Freibad Kevelaer und den B\u00e4derverein Kevelaer e.V.\",\"alternateName\":\"B\u00e4derverein Kevelaer e.V.\",\"potentialAction\":[{\"@type\":\"SearchAction\",\"target\":{\"@type\":\"EntryPoint\",\"urlTemplate\":\"https:\/\/www.freibad-kevelaer.de\/?s={search_term_string}\"},\"query-input\":{\"@type\":\"PropertyValueSpecification\",\"valueRequired\":true,\"valueName\":\"search_term_string\"}}],\"inLanguage\":\"en-US\"}]}<\/script>\n<!-- \/ Yoast SEO plugin. -->","yoast_head_json":{"title":"Der Vorstand des B\u00e4derverein Kevelaer e.V. - Freibad Kevelaer","robots":{"index":"index","follow":"follow","max-snippet":"max-snippet:-1","max-image-preview":"max-image-preview:large","max-video-preview":"max-video-preview:-1"},"canonical":"https:\/\/www.freibad-kevelaer.de\/en\/der-vorstand-des-baederverein-kevelaer-e-v\/","og_locale":"en_US","og_type":"article","og_title":"Der Vorstand des B\u00e4derverein Kevelaer e.V. - Freibad Kevelaer","og_description":"Der Vorstand des B\u00e4derverein Kevelaer e.V. Vorsitzender Klaus Sch\u00fcrmanns Stellvertretender Vorsitzender Louis Winkels Stellvertretender Vorsitzender Winne Stelzer Schatzmeister Heinz-Jacob Dicks Stellvertretende Schatzmeisterin Edeltraud M\u00f6llerke Schriftf\u00fchrerin Nadine Lemgen Stellvertrender Schriftf\u00fchrer Dieter M\u00f6llerke Leiter Technik Team Erich Ries Stellvertretender Leiter Technik Team Marcel Lemgen Beisitzer Schwimmsport Ben Christiaens Beisitzer Kinder- und Jugendschwimmen Louis Winkels Beisitzer Sport- und Einsatztauchen Winne Stelzer Beisitzer Behindertensport Armin Ascher Beisitzer f\u00fcr Gesundheitsf\u00f6rderung Karl Winkels","og_url":"https:\/\/www.freibad-kevelaer.de\/en\/der-vorstand-des-baederverein-kevelaer-e-v\/","og_site_name":"Freibad Kevelaer","article_publisher":"https:\/\/www.facebook.com\/Wallfahrtsstadt-Kevelaer-Freibad-111020147309254\/","article_modified_time":"2025-12-14T14:04:29+00:00","twitter_card":"summary_large_image","twitter_misc":{"Est. reading time":"1 minute"},"schema":{"@context":"https:\/\/schema.org","@graph":[{"@type":"WebPage","@id":"https:\/\/www.freibad-kevelaer.de\/der-vorstand-des-baederverein-kevelaer-e-v\/","url":"https:\/\/www.freibad-kevelaer.de\/der-vorstand-des-baederverein-kevelaer-e-v\/","name":"Der Vorstand des B\u00e4derverein Kevelaer e.V. - Freibad Kevelaer","isPartOf":{"@id":"https:\/\/www.freibad-kevelaer.de\/#website"},"datePublished":"2020-04-16T13:47:11+00:00","dateModified":"2025-12-14T14:04:29+00:00","breadcrumb":{"@id":"https:\/\/www.freibad-kevelaer.de\/der-vorstand-des-baederverein-kevelaer-e-v\/#breadcrumb"},"inLanguage":"en-US","potentialAction":[{"@type":"ReadAction","target":["https:\/\/www.freibad-kevelaer.de\/der-vorstand-des-baederverein-kevelaer-e-v\/"]}]},{"@type":"BreadcrumbList","@id":"https:\/\/www.freibad-kevelaer.de\/der-vorstand-des-baederverein-kevelaer-e-v\/#breadcrumb","itemListElement":[{"@type":"ListItem","position":1,"name":"Startseite","item":"https:\/\/www.freibad-kevelaer.de\/"},{"@type":"ListItem","position":2,"name":"Der Vorstand des B\u00e4derverein Kevelaer e.V."}]},{"@type":"WebSite","@id":"https:\/\/www.freibad-kevelaer.de\/#website","url":"https:\/\/www.freibad-kevelaer.de\/","name":"Freibad Kevelaer","description":"Neuigkeiten, Services, Eintrittspreise, Mitgliedsantrag... einfach alles \u00fcber das Freibad Kevelaer und den B\u00e4derverein Kevelaer e.V.","alternateName":"B\u00e4derverein Kevelaer e.V.","potentialAction":[{"@type":"SearchAction","target":{"@type":"EntryPoint","urlTemplate":"https:\/\/www.freibad-kevelaer.de\/?s={search_term_string}"},"query-input":{"@type":"PropertyValueSpecification","valueRequired":true,"valueName":"search_term_string"}}],"inLanguage":"en-US"}]}},"_links":{"self":[{"href":"https:\/\/www.freibad-kevelaer.de\/en\/wp-json\/wp\/v2\/pages\/272","targetHints":{"allow":["GET"]}}],"collection":[{"href":"https:\/\/www.freibad-kevelaer.de\/en\/wp-json\/wp\/v2\/pages"}],"about":[{"href":"https:\/\/www.freibad-kevelaer.de\/en\/wp-json\/wp\/v2\/types\/page"}],"author":[{"embeddable":true,"href":"https:\/\/www.freibad-kevelaer.de\/en\/wp-json\/wp\/v2\/users\/2"}],"replies":[{"embeddable":true,"href":"https:\/\/www.freibad-kevelaer.de\/en\/wp-json\/wp\/v2\/comments?post=272"}],"version-history":[{"count":75,"href":"https:\/\/www.freibad-kevelaer.de\/en\/wp-json\/wp\/v2\/pages\/272\/revisions"}],"predecessor-version":[{"id":4451,"href":"https:\/\/www.freibad-kevelaer.de\/en\/wp-json\/wp\/v2\/pages\/272\/revisions\/4451"}],"wp:attachment":[{"href":"https:\/\/www.freibad-kevelaer.de\/en\/wp-json\/wp\/v2\/media?parent=272"}],"curies":[{"name":"wp","href":"https:\/\/api.w.org\/{rel}","templated":true}]}}