{"id":2427,"date":"2023-09-06T10:09:07","date_gmt":"2023-09-06T10:09:07","guid":{"rendered":"https:\/\/www.freibad-kevelaer.de\/?page_id=2427"},"modified":"2024-09-12T15:54:21","modified_gmt":"2024-09-12T15:54:21","slug":"hundeschwimmen-im-freibad-kevelaer","status":"publish","type":"page","link":"https:\/\/www.freibad-kevelaer.de\/en\/hundeschwimmen-im-freibad-kevelaer\/","title":{"rendered":"Dog swim"},"content":{"rendered":"<div data-elementor-type=\"wp-page\" data-elementor-id=\"2427\" class=\"elementor elementor-2427\">\n\t\t\t\t\t\t<section class=\"elementor-section elementor-top-section elementor-element elementor-element-03b318f elementor-section-boxed elementor-section-height-default elementor-section-height-default wpr-particle-no wpr-jarallax-no wpr-parallax-no wpr-sticky-section-no\" data-id=\"03b318f\" data-element_type=\"section\" data-e-type=\"section\">\n\t\t\t\t\t\t<div class=\"elementor-container elementor-column-gap-default\">\n\t\t\t\t\t<div class=\"elementor-column elementor-col-100 elementor-top-column elementor-element elementor-element-f70c88b\" data-id=\"f70c88b\" data-element_type=\"column\" data-e-type=\"column\">\n\t\t\t<div class=\"elementor-widget-wrap elementor-element-populated\">\n\t\t\t\t\t\t<div class=\"elementor-element elementor-element-4f6ed22 elementor-widget elementor-widget-heading\" data-id=\"4f6ed22\" data-element_type=\"widget\" data-e-type=\"widget\" data-widget_type=\"heading.default\">\n\t\t\t\t<div class=\"elementor-widget-container\">\n\t\t\t\t\t<h2 class=\"elementor-heading-title elementor-size-default\">Dog swimming in the Kevelaer outdoor pool - refreshment for four-legged friends in the outdoor pool<\/h2>\t\t\t\t<\/div>\n\t\t\t\t<\/div>\n\t\t\t\t<div class=\"elementor-element elementor-element-81a7163 elementor-position-left elementor-vertical-align-middle elementor-widget elementor-widget-image-box\" data-id=\"81a7163\" data-element_type=\"widget\" data-e-type=\"widget\" data-widget_type=\"image-box.default\">\n\t\t\t\t<div class=\"elementor-widget-container\">\n\t\t\t\t\t<div class=\"elementor-image-box-wrapper\"><figure class=\"elementor-image-box-img\"><img fetchpriority=\"high\" decoding=\"async\" width=\"2560\" height=\"1736\" src=\"https:\/\/www.freibad-kevelaer.de\/wp-content\/uploads\/2023\/09\/AdobeStock_184507537-scaled.jpeg\" class=\"attachment-full size-full wp-image-2430\" alt=\"Hundeschwimmen im Freibad Kevelaer\" srcset=\"https:\/\/www.freibad-kevelaer.de\/wp-content\/uploads\/2023\/09\/AdobeStock_184507537-scaled.jpeg 2560w, https:\/\/www.freibad-kevelaer.de\/wp-content\/uploads\/2023\/09\/AdobeStock_184507537-1536x1042.jpeg 1536w, https:\/\/www.freibad-kevelaer.de\/wp-content\/uploads\/2023\/09\/AdobeStock_184507537-2048x1389.jpeg 2048w, https:\/\/www.freibad-kevelaer.de\/wp-content\/uploads\/2023\/09\/AdobeStock_184507537-18x12.jpeg 18w, https:\/\/www.freibad-kevelaer.de\/wp-content\/uploads\/2023\/09\/AdobeStock_184507537-1200x814.jpeg 1200w, https:\/\/www.freibad-kevelaer.de\/wp-content\/uploads\/2023\/09\/AdobeStock_184507537-300x203.jpeg 300w, https:\/\/www.freibad-kevelaer.de\/wp-content\/uploads\/2023\/09\/AdobeStock_184507537-768x521.jpeg 768w, https:\/\/www.freibad-kevelaer.de\/wp-content\/uploads\/2023\/09\/AdobeStock_184507537-1024x695.jpeg 1024w\" sizes=\"(max-width: 709px) 85vw, (max-width: 909px) 67vw, (max-width: 1362px) 62vw, 840px\" \/><\/figure><div class=\"elementor-image-box-content\"><p class=\"elementor-image-box-description\">For the third time, the pilgrimage town of Kevelaer is inviting dogs to swim in the Kevelaer outdoor pool together with the swimming club. On Sunday, September 22, the four-legged friends can let off steam in the cool water from 10 am to 4 pm. Admission for the furry friends is 4 euros, while owners, masters and dog fans who would like to watch pay 2 euros<\/p><\/div><\/div>\t\t\t\t<\/div>\n\t\t\t\t<\/div>\n\t\t\t\t<div class=\"elementor-element elementor-element-166ca9b elementor-widget elementor-widget-text-editor\" data-id=\"166ca9b\" data-element_type=\"widget\" data-e-type=\"widget\" data-widget_type=\"text-editor.default\">\n\t\t\t\t<div class=\"elementor-widget-container\">\n\t\t\t\t\t\t\t\t\t<p>Whether in the swimmers' or non-swimmers' pool - the dogs have a free choice and can romp and splash around in the water as well as around the pools. This time, masters and mistresses stay at the edge of the pool, but can cheer on their four-legged friends and play with them. The event is sponsored by the local pet food manufacturer <a href=\"https:\/\/www.mera-petfood.com\/de\/\" target=\"_blank\" rel=\"noopener\">MERA<\/a> supported. As in previous years, the kiosk in the outdoor pool will be open so that all guests can enjoy snacks and refreshing drinks.<\/p>\t\t\t\t\t\t\t\t<\/div>\n\t\t\t\t<\/div>\n\t\t\t\t<div class=\"elementor-element elementor-element-7ecc093 elementor-widget elementor-widget-heading\" data-id=\"7ecc093\" data-element_type=\"widget\" data-e-type=\"widget\" data-widget_type=\"heading.default\">\n\t\t\t\t<div class=\"elementor-widget-container\">\n\t\t\t\t\t<h2 class=\"elementor-heading-title elementor-size-default\">Do not forget: Vaccination certificate and insurance\n<\/h2>\t\t\t\t<\/div>\n\t\t\t\t<\/div>\n\t\t\t\t<div class=\"elementor-element elementor-element-6ca1618 elementor-widget elementor-widget-text-editor\" data-id=\"6ca1618\" data-element_type=\"widget\" data-e-type=\"widget\" data-widget_type=\"text-editor.default\">\n\t\t\t\t<div class=\"elementor-widget-container\">\n\t\t\t\t\t\t\t\t\t<p>Anyone wishing to take part in the dog swim in the Kevelaer outdoor pool must remember to bring their vaccination card and proof of existing dog liability insurance. <a href=\"https:\/\/www.freibad-kevelaer.de\/en\/regeln-hundeschwimmen-im-freibad\/\" target=\"_blank\" rel=\"noopener\">Upon entry, guests recognize the applicable dog and owner bathing regulations<\/a>.<\/p><p>Visitors do not have to worry about the chlorine content in the water: After the end of the season on Sunday, September 15, no more fresh chlorine will be added. Swimming is therefore safe for barking bathers. The two-legged friends don't have to worry about the water quality either, as the water in the pools will be completely drained before the next outdoor pool season and, as every year, a thorough cleaning will be carried out. So nothing stands in the way of carefree swimming fun next year.<\/p><p><a href=\"https:\/\/www.kevelaer.de\/leben-in-kevelaer\/freizeit-spielplaetze\/baeder-und-sportstaetten\/hundeschwimmen-im-freibad\/#accordion-1-15\" target=\"_blank\" rel=\"noopener\">Q&amp;A<\/a> on the subject of dog swimming in the Kevelaer outdoor pool.<\/p>\t\t\t\t\t\t\t\t<\/div>\n\t\t\t\t<\/div>\n\t\t\t\t\t<\/div>\n\t\t<\/div>\n\t\t\t\t\t<\/div>\n\t\t<\/section>\n\t\t\t\t<\/div>","protected":false},"excerpt":{"rendered":"<p>Hundeschwimmen im Freibad Kevelaer &#8211; Erfrischung f\u00fcr die Vierbeiner im Freibad Zum dritten Mal l\u00e4dt die Wallfahrtsstadt Kevelaer zusammen mit dem B\u00e4derverein zum Hundeschwimmen im Freibad Kevelaer ein. Am Sonntag, den 22. September d\u00fcrfen sich die Vierbeiner von 10 bis 16 Uhr im k\u00fchlen Nass austoben. Der Eintritt f\u00fcr die Fellnasen betr\u00e4gt 4 Euro, Frauchen, Herrchen und Hunde-Fans, die gerne zuschauen m\u00f6chten, zahlen 2 Euro Ob Schwimmer- oder Nichtschwimmerbecken \u2013 die Hunde haben die freie Wahl und k\u00f6nnen sowohl im Wasser als auch rund um die Becken herumtoben und planschen. Frauchen und Herrchen bleiben diesmal zwar am Beckenrand, k\u00f6nnen aber ihre Vierbeiner tatkr\u00e4ftig anfeuern und mit ihnen spielen. Die Veranstaltung wird durch den lokalen Tiernahrungshersteller MERA unterst\u00fctzt. Wie in den vergangenen Jahren wird auch der Kiosk im Freibad ge\u00f6ffnet sein, sodass sich alle G\u00e4ste mit Snacks und erfrischenden Getr\u00e4nken st\u00e4rken k\u00f6nnen. Nicht vergessen: Impfpass und Versicherung Wer am Hundeschwimmen im Freibad Kevelaer teilnehmen m\u00f6chte, muss an den Impfausweis und den Nachweis \u00fcber eine bestehende Hundehaftpflichtversicherung denken. Mit dem Eintritt erkennen G\u00e4ste die geltende Hund- &amp; Halterbadeordnung an. \u00dcber den Chlorgehalt im Wasser m\u00fcssen sich Besucherinnen und Besucher keine Gedanken machen: Nach dem Saisonende am Sonntag, den 15.09. wird kein frisches Chlor mehr zugesetzt. Das Schwimmen ist f\u00fcr die bellenden Badeg\u00e4ste somit unbedenklich. Auch die Zweibeiner m\u00fcssen sich keine Sorgen um die Wasserqualit\u00e4t machen, denn vor der n\u00e4chsten Freibadsaison wird das Wasser in den Schwimmbecken vollst\u00e4ndig abgelassen und wie in jedem Jahr eine Grundreinigung durchgef\u00fchrt. Einem unbeschwerten Badevergn\u00fcgen im n\u00e4chsten Jahr steht somit nichts mehr im Wege. Fragen und Antworten zum Thema Hundeschwimmen im Freibad Kevelaer.<\/p>","protected":false},"author":2,"featured_media":0,"parent":0,"menu_order":0,"comment_status":"closed","ping_status":"closed","template":"elementor_canvas","meta":{"footnotes":""},"class_list":["post-2427","page","type-page","status-publish","hentry"],"yoast_head":"<!-- This site is optimized with the Yoast SEO plugin v27.2 - https:\/\/yoast.com\/product\/yoast-seo-wordpress\/ -->\n<title>Hundeschwimmen im Freibad Kevelaer<\/title>\n<meta name=\"description\" content=\"Zum dritten Mal l\u00e4dt die Wallfahrtsstadt Kevelaer zusammen mit dem B\u00e4derverein zum Hundeschwimmen im Freibad Kevelaer ein.\" \/>\n<meta name=\"robots\" content=\"index, follow, max-snippet:-1, max-image-preview:large, max-video-preview:-1\" \/>\n<link rel=\"canonical\" href=\"https:\/\/www.freibad-kevelaer.de\/en\/hundeschwimmen-im-freibad-kevelaer\/\" \/>\n<meta property=\"og:locale\" content=\"en_US\" \/>\n<meta property=\"og:type\" content=\"article\" \/>\n<meta property=\"og:title\" content=\"Hundeschwimmen im Freibad Kevelaer\" \/>\n<meta property=\"og:description\" content=\"Zum dritten Mal l\u00e4dt die Wallfahrtsstadt Kevelaer zusammen mit dem B\u00e4derverein zum Hundeschwimmen im Freibad Kevelaer ein.\" \/>\n<meta property=\"og:url\" content=\"https:\/\/www.freibad-kevelaer.de\/en\/hundeschwimmen-im-freibad-kevelaer\/\" \/>\n<meta property=\"og:site_name\" content=\"Freibad Kevelaer\" \/>\n<meta property=\"article:publisher\" content=\"https:\/\/www.facebook.com\/Wallfahrtsstadt-Kevelaer-Freibad-111020147309254\/\" \/>\n<meta property=\"article:modified_time\" content=\"2024-09-12T15:54:21+00:00\" \/>\n<meta property=\"og:image\" content=\"https:\/\/www.freibad-kevelaer.de\/wp-content\/uploads\/2023\/09\/AdobeStock_184507537-scaled.jpeg\" \/>\n<meta name=\"twitter:card\" content=\"summary_large_image\" \/>\n<meta name=\"twitter:label1\" content=\"Est. reading time\" \/>\n\t<meta name=\"twitter:data1\" content=\"2 minutes\" \/>\n<script type=\"application\/ld+json\" class=\"yoast-schema-graph\">{\"@context\":\"https:\/\/schema.org\",\"@graph\":[{\"@type\":\"WebPage\",\"@id\":\"https:\/\/www.freibad-kevelaer.de\/hundeschwimmen-im-freibad-kevelaer\/\",\"url\":\"https:\/\/www.freibad-kevelaer.de\/hundeschwimmen-im-freibad-kevelaer\/\",\"name\":\"Hundeschwimmen im Freibad Kevelaer\",\"isPartOf\":{\"@id\":\"https:\/\/www.freibad-kevelaer.de\/#website\"},\"primaryImageOfPage\":{\"@id\":\"https:\/\/www.freibad-kevelaer.de\/hundeschwimmen-im-freibad-kevelaer\/#primaryimage\"},\"image\":{\"@id\":\"https:\/\/www.freibad-kevelaer.de\/hundeschwimmen-im-freibad-kevelaer\/#primaryimage\"},\"thumbnailUrl\":\"https:\/\/www.freibad-kevelaer.de\/wp-content\/uploads\/2023\/09\/AdobeStock_184507537-scaled.jpeg\",\"datePublished\":\"2023-09-06T10:09:07+00:00\",\"dateModified\":\"2024-09-12T15:54:21+00:00\",\"description\":\"Zum dritten Mal l\u00e4dt die Wallfahrtsstadt Kevelaer zusammen mit dem B\u00e4derverein zum Hundeschwimmen im Freibad Kevelaer ein.\",\"breadcrumb\":{\"@id\":\"https:\/\/www.freibad-kevelaer.de\/hundeschwimmen-im-freibad-kevelaer\/#breadcrumb\"},\"inLanguage\":\"en-US\",\"potentialAction\":[{\"@type\":\"ReadAction\",\"target\":[\"https:\/\/www.freibad-kevelaer.de\/hundeschwimmen-im-freibad-kevelaer\/\"]}]},{\"@type\":\"ImageObject\",\"inLanguage\":\"en-US\",\"@id\":\"https:\/\/www.freibad-kevelaer.de\/hundeschwimmen-im-freibad-kevelaer\/#primaryimage\",\"url\":\"https:\/\/www.freibad-kevelaer.de\/wp-content\/uploads\/2023\/09\/AdobeStock_184507537-scaled.jpeg\",\"contentUrl\":\"https:\/\/www.freibad-kevelaer.de\/wp-content\/uploads\/2023\/09\/AdobeStock_184507537-scaled.jpeg\"},{\"@type\":\"BreadcrumbList\",\"@id\":\"https:\/\/www.freibad-kevelaer.de\/hundeschwimmen-im-freibad-kevelaer\/#breadcrumb\",\"itemListElement\":[{\"@type\":\"ListItem\",\"position\":1,\"name\":\"Startseite\",\"item\":\"https:\/\/www.freibad-kevelaer.de\/\"},{\"@type\":\"ListItem\",\"position\":2,\"name\":\"Hundeschwimmen\"}]},{\"@type\":\"WebSite\",\"@id\":\"https:\/\/www.freibad-kevelaer.de\/#website\",\"url\":\"https:\/\/www.freibad-kevelaer.de\/\",\"name\":\"Freibad Kevelaer\",\"description\":\"Neuigkeiten, Services, Eintrittspreise, Mitgliedsantrag... einfach alles \u00fcber das Freibad Kevelaer und den B\u00e4derverein Kevelaer e.V.\",\"alternateName\":\"B\u00e4derverein Kevelaer e.V.\",\"potentialAction\":[{\"@type\":\"SearchAction\",\"target\":{\"@type\":\"EntryPoint\",\"urlTemplate\":\"https:\/\/www.freibad-kevelaer.de\/?s={search_term_string}\"},\"query-input\":{\"@type\":\"PropertyValueSpecification\",\"valueRequired\":true,\"valueName\":\"search_term_string\"}}],\"inLanguage\":\"en-US\"}]}<\/script>\n<!-- \/ Yoast SEO plugin. -->","yoast_head_json":{"title":"Hundeschwimmen im Freibad Kevelaer","description":"Zum dritten Mal l\u00e4dt die Wallfahrtsstadt Kevelaer zusammen mit dem B\u00e4derverein zum Hundeschwimmen im Freibad Kevelaer ein.","robots":{"index":"index","follow":"follow","max-snippet":"max-snippet:-1","max-image-preview":"max-image-preview:large","max-video-preview":"max-video-preview:-1"},"canonical":"https:\/\/www.freibad-kevelaer.de\/en\/hundeschwimmen-im-freibad-kevelaer\/","og_locale":"en_US","og_type":"article","og_title":"Hundeschwimmen im Freibad Kevelaer","og_description":"Zum dritten Mal l\u00e4dt die Wallfahrtsstadt Kevelaer zusammen mit dem B\u00e4derverein zum Hundeschwimmen im Freibad Kevelaer ein.","og_url":"https:\/\/www.freibad-kevelaer.de\/en\/hundeschwimmen-im-freibad-kevelaer\/","og_site_name":"Freibad Kevelaer","article_publisher":"https:\/\/www.facebook.com\/Wallfahrtsstadt-Kevelaer-Freibad-111020147309254\/","article_modified_time":"2024-09-12T15:54:21+00:00","og_image":[{"url":"https:\/\/www.freibad-kevelaer.de\/wp-content\/uploads\/2023\/09\/AdobeStock_184507537-scaled.jpeg","type":"","width":"","height":""}],"twitter_card":"summary_large_image","twitter_misc":{"Est. reading time":"2 minutes"},"schema":{"@context":"https:\/\/schema.org","@graph":[{"@type":"WebPage","@id":"https:\/\/www.freibad-kevelaer.de\/hundeschwimmen-im-freibad-kevelaer\/","url":"https:\/\/www.freibad-kevelaer.de\/hundeschwimmen-im-freibad-kevelaer\/","name":"Hundeschwimmen im Freibad Kevelaer","isPartOf":{"@id":"https:\/\/www.freibad-kevelaer.de\/#website"},"primaryImageOfPage":{"@id":"https:\/\/www.freibad-kevelaer.de\/hundeschwimmen-im-freibad-kevelaer\/#primaryimage"},"image":{"@id":"https:\/\/www.freibad-kevelaer.de\/hundeschwimmen-im-freibad-kevelaer\/#primaryimage"},"thumbnailUrl":"https:\/\/www.freibad-kevelaer.de\/wp-content\/uploads\/2023\/09\/AdobeStock_184507537-scaled.jpeg","datePublished":"2023-09-06T10:09:07+00:00","dateModified":"2024-09-12T15:54:21+00:00","description":"Zum dritten Mal l\u00e4dt die Wallfahrtsstadt Kevelaer zusammen mit dem B\u00e4derverein zum Hundeschwimmen im Freibad Kevelaer ein.","breadcrumb":{"@id":"https:\/\/www.freibad-kevelaer.de\/hundeschwimmen-im-freibad-kevelaer\/#breadcrumb"},"inLanguage":"en-US","potentialAction":[{"@type":"ReadAction","target":["https:\/\/www.freibad-kevelaer.de\/hundeschwimmen-im-freibad-kevelaer\/"]}]},{"@type":"ImageObject","inLanguage":"en-US","@id":"https:\/\/www.freibad-kevelaer.de\/hundeschwimmen-im-freibad-kevelaer\/#primaryimage","url":"https:\/\/www.freibad-kevelaer.de\/wp-content\/uploads\/2023\/09\/AdobeStock_184507537-scaled.jpeg","contentUrl":"https:\/\/www.freibad-kevelaer.de\/wp-content\/uploads\/2023\/09\/AdobeStock_184507537-scaled.jpeg"},{"@type":"BreadcrumbList","@id":"https:\/\/www.freibad-kevelaer.de\/hundeschwimmen-im-freibad-kevelaer\/#breadcrumb","itemListElement":[{"@type":"ListItem","position":1,"name":"Startseite","item":"https:\/\/www.freibad-kevelaer.de\/"},{"@type":"ListItem","position":2,"name":"Hundeschwimmen"}]},{"@type":"WebSite","@id":"https:\/\/www.freibad-kevelaer.de\/#website","url":"https:\/\/www.freibad-kevelaer.de\/","name":"Freibad Kevelaer","description":"Neuigkeiten, Services, Eintrittspreise, Mitgliedsantrag... einfach alles \u00fcber das Freibad Kevelaer und den B\u00e4derverein Kevelaer e.V.","alternateName":"B\u00e4derverein Kevelaer e.V.","potentialAction":[{"@type":"SearchAction","target":{"@type":"EntryPoint","urlTemplate":"https:\/\/www.freibad-kevelaer.de\/?s={search_term_string}"},"query-input":{"@type":"PropertyValueSpecification","valueRequired":true,"valueName":"search_term_string"}}],"inLanguage":"en-US"}]}},"_links":{"self":[{"href":"https:\/\/www.freibad-kevelaer.de\/en\/wp-json\/wp\/v2\/pages\/2427","targetHints":{"allow":["GET"]}}],"collection":[{"href":"https:\/\/www.freibad-kevelaer.de\/en\/wp-json\/wp\/v2\/pages"}],"about":[{"href":"https:\/\/www.freibad-kevelaer.de\/en\/wp-json\/wp\/v2\/types\/page"}],"author":[{"embeddable":true,"href":"https:\/\/www.freibad-kevelaer.de\/en\/wp-json\/wp\/v2\/users\/2"}],"replies":[{"embeddable":true,"href":"https:\/\/www.freibad-kevelaer.de\/en\/wp-json\/wp\/v2\/comments?post=2427"}],"version-history":[{"count":37,"href":"https:\/\/www.freibad-kevelaer.de\/en\/wp-json\/wp\/v2\/pages\/2427\/revisions"}],"predecessor-version":[{"id":3343,"href":"https:\/\/www.freibad-kevelaer.de\/en\/wp-json\/wp\/v2\/pages\/2427\/revisions\/3343"}],"wp:attachment":[{"href":"https:\/\/www.freibad-kevelaer.de\/en\/wp-json\/wp\/v2\/media?parent=2427"}],"curies":[{"name":"wp","href":"https:\/\/api.w.org\/{rel}","templated":true}]}}