{"id":177,"date":"2020-04-07T16:32:26","date_gmt":"2020-04-07T16:32:26","guid":{"rendered":"https:\/\/freibad-kevelaer.de\/?page_id=177"},"modified":"2024-07-11T14:04:30","modified_gmt":"2024-07-11T14:04:30","slug":"haus-und-badeordnung","status":"publish","type":"page","link":"https:\/\/www.freibad-kevelaer.de\/en\/haus-und-badeordnung\/","title":{"rendered":"House and bath regulations"},"content":{"rendered":"<div data-elementor-type=\"wp-page\" data-elementor-id=\"177\" class=\"elementor elementor-177\">\n\t\t\t\t\t\t<section class=\"elementor-section elementor-top-section elementor-element elementor-element-8bcb560 elementor-section-boxed elementor-section-height-default elementor-section-height-default wpr-particle-no wpr-jarallax-no wpr-parallax-no wpr-sticky-section-no\" data-id=\"8bcb560\" data-element_type=\"section\" data-e-type=\"section\">\n\t\t\t\t\t\t<div class=\"elementor-container elementor-column-gap-default\">\n\t\t\t\t\t<div class=\"elementor-column elementor-col-50 elementor-top-column elementor-element elementor-element-4c63cb4\" data-id=\"4c63cb4\" data-element_type=\"column\" data-e-type=\"column\" data-settings=\"{&quot;background_background&quot;:&quot;classic&quot;}\">\n\t\t\t<div class=\"elementor-widget-wrap elementor-element-populated\">\n\t\t\t\t\t\t<div class=\"elementor-element elementor-element-4015bbb elementor-widget elementor-widget-heading\" data-id=\"4015bbb\" data-element_type=\"widget\" data-e-type=\"widget\" data-widget_type=\"heading.default\">\n\t\t\t\t<div class=\"elementor-widget-container\">\n\t\t\t\t\t<h1 class=\"elementor-heading-title elementor-size-default\">House and bath regulations<\/h1>\t\t\t\t<\/div>\n\t\t\t\t<\/div>\n\t\t\t\t<div class=\"elementor-element elementor-element-1339564 elementor-widget elementor-widget-heading\" data-id=\"1339564\" data-element_type=\"widget\" data-e-type=\"widget\" data-widget_type=\"heading.default\">\n\t\t\t\t<div class=\"elementor-widget-container\">\n\t\t\t\t\t<h2 class=\"elementor-heading-title elementor-size-default\">available in german only<\/h2>\t\t\t\t<\/div>\n\t\t\t\t<\/div>\n\t\t\t\t<div class=\"elementor-element elementor-element-39d3f89 elementor-widget elementor-widget-shortcode\" data-id=\"39d3f89\" data-element_type=\"widget\" data-e-type=\"widget\" data-widget_type=\"shortcode.default\">\n\t\t\t\t<div class=\"elementor-widget-container\">\n\t\t\t\t\t\t\t<div class=\"elementor-shortcode\"><div class=\"_df_thumb\" id=\"df_3149\"  _slug=\"haus-und-badeordnung\" data-title=\"haus-und-badeordnung\" wpoptions=\"true\" thumb=\"https:\/\/www.freibad-kevelaer.de\/wp-content\/uploads\/2024\/07\/hausordnung.jpg\" thumbtype=\"\" >House and bath regulations<\/div><script class=\"df-shortcode-script\" nowprocket type=\"application\/javascript\">window.option_df_3149 = {\"outline\":[],\"height\":\"auto\",\"autoEnableOutline\":\"false\",\"autoEnableThumbnail\":\"false\",\"overwritePDFOutline\":\"false\",\"direction\":\"1\",\"pageSize\":\"0\",\"source\":\"https:\\\/\\\/www.freibad-kevelaer.de\\\/wp-content\\\/uploads\\\/2024\\\/07\\\/2024-05-15-Haus-und-Badeordnung.pdf\",\"wpOptions\":\"true\"}; if(window.DFLIP && window.DFLIP.parseBooks){window.DFLIP.parseBooks();}<\/script><\/div>\n\t\t\t\t\t\t<\/div>\n\t\t\t\t<\/div>\n\t\t\t\t\t<\/div>\n\t\t<\/div>\n\t\t\t\t<div class=\"elementor-column elementor-col-50 elementor-top-column elementor-element elementor-element-febd14d\" data-id=\"febd14d\" data-element_type=\"column\" data-e-type=\"column\">\n\t\t\t<div class=\"elementor-widget-wrap elementor-element-populated\">\n\t\t\t\t\t\t<div class=\"elementor-element elementor-element-0c47c31 elementor-widget elementor-widget-heading\" data-id=\"0c47c31\" data-element_type=\"widget\" data-e-type=\"widget\" data-widget_type=\"heading.default\">\n\t\t\t\t<div class=\"elementor-widget-container\">\n\t\t\t\t\t<h2 class=\"elementor-heading-title elementor-size-default\">Declaration of principle<\/h2>\t\t\t\t<\/div>\n\t\t\t\t<\/div>\n\t\t\t\t<div class=\"elementor-element elementor-element-18d989d elementor-widget elementor-widget-heading\" data-id=\"18d989d\" data-element_type=\"widget\" data-e-type=\"widget\" data-widget_type=\"heading.default\">\n\t\t\t\t<div class=\"elementor-widget-container\">\n\t\t\t\t\t<h2 class=\"elementor-heading-title elementor-size-default\">available in german only<\/h2>\t\t\t\t<\/div>\n\t\t\t\t<\/div>\n\t\t\t\t<div class=\"elementor-element elementor-element-c7c9ffa elementor-widget elementor-widget-shortcode\" data-id=\"c7c9ffa\" data-element_type=\"widget\" data-e-type=\"widget\" data-widget_type=\"shortcode.default\">\n\t\t\t\t<div class=\"elementor-widget-container\">\n\t\t\t\t\t\t\t<div class=\"elementor-shortcode\"><div class=\"_df_thumb\" id=\"df_3158\"  _slug=\"grundsatzerklaerung\" data-title=\"grundsatzerklaerung\" wpoptions=\"true\" thumb=\"https:\/\/www.freibad-kevelaer.de\/wp-content\/uploads\/2024\/07\/grundsatz.jpg\" thumbtype=\"\" >Declaration of principle<\/div><script class=\"df-shortcode-script\" nowprocket type=\"application\/javascript\">window.option_df_3158 = {\"outline\":[],\"autoEnableOutline\":\"false\",\"autoEnableThumbnail\":\"false\",\"overwritePDFOutline\":\"false\",\"direction\":\"1\",\"pageSize\":\"0\",\"source\":\"https:\\\/\\\/www.freibad-kevelaer.de\\\/wp-content\\\/uploads\\\/2024\\\/07\\\/2024-05-15-Grundsatzerklaerung.pdf\",\"wpOptions\":\"true\"}; if(window.DFLIP && window.DFLIP.parseBooks){window.DFLIP.parseBooks();}<\/script><\/div>\n\t\t\t\t\t\t<\/div>\n\t\t\t\t<\/div>\n\t\t\t\t\t<\/div>\n\t\t<\/div>\n\t\t\t\t\t<\/div>\n\t\t<\/section>\n\t\t\t\t<\/div>","protected":false},"excerpt":{"rendered":"<p>Haus- und Badeordnung f\u00fcr das Hallenbad und das Freibad der Wallfahrtsstadt Kevelaer Grundsatzerkl\u00e4rung gegen Gewalt im B\u00e4derbereich<\/p>","protected":false},"author":2,"featured_media":0,"parent":0,"menu_order":0,"comment_status":"closed","ping_status":"closed","template":"elementor_canvas","meta":{"footnotes":""},"class_list":["post-177","page","type-page","status-publish","hentry"],"yoast_head":"<!-- This site is optimized with the Yoast SEO plugin v27.2 - https:\/\/yoast.com\/product\/yoast-seo-wordpress\/ -->\n<title>Haus- und Badeordnung - Freibad Kevelaer<\/title>\n<meta name=\"description\" content=\"Die Haus und Badeordnung dient der Sicherheit, Ordnung und Sauberkeit im gesamten Bereich des Hallen- und des Freibads.\" \/>\n<meta name=\"robots\" content=\"index, follow, max-snippet:-1, max-image-preview:large, max-video-preview:-1\" \/>\n<link rel=\"canonical\" href=\"https:\/\/www.freibad-kevelaer.de\/en\/haus-und-badeordnung\/\" \/>\n<meta property=\"og:locale\" content=\"en_US\" \/>\n<meta property=\"og:type\" content=\"article\" \/>\n<meta property=\"og:title\" content=\"Haus- und Badeordnung - Freibad Kevelaer\" \/>\n<meta property=\"og:description\" content=\"Die Haus und Badeordnung dient der Sicherheit, Ordnung und Sauberkeit im gesamten Bereich des Hallen- und des Freibads.\" \/>\n<meta property=\"og:url\" content=\"https:\/\/www.freibad-kevelaer.de\/en\/haus-und-badeordnung\/\" \/>\n<meta property=\"og:site_name\" content=\"Freibad Kevelaer\" \/>\n<meta property=\"article:publisher\" content=\"https:\/\/www.facebook.com\/Wallfahrtsstadt-Kevelaer-Freibad-111020147309254\/\" \/>\n<meta property=\"article:modified_time\" content=\"2024-07-11T14:04:30+00:00\" \/>\n<meta name=\"twitter:card\" content=\"summary_large_image\" \/>\n<meta name=\"twitter:label1\" content=\"Est. reading time\" \/>\n\t<meta name=\"twitter:data1\" content=\"1 minute\" \/>\n<script type=\"application\/ld+json\" class=\"yoast-schema-graph\">{\"@context\":\"https:\/\/schema.org\",\"@graph\":[{\"@type\":\"WebPage\",\"@id\":\"https:\/\/www.freibad-kevelaer.de\/haus-und-badeordnung\/\",\"url\":\"https:\/\/www.freibad-kevelaer.de\/haus-und-badeordnung\/\",\"name\":\"Haus- und Badeordnung - Freibad Kevelaer\",\"isPartOf\":{\"@id\":\"https:\/\/www.freibad-kevelaer.de\/#website\"},\"datePublished\":\"2020-04-07T16:32:26+00:00\",\"dateModified\":\"2024-07-11T14:04:30+00:00\",\"description\":\"Die Haus und Badeordnung dient der Sicherheit, Ordnung und Sauberkeit im gesamten Bereich des Hallen- und des Freibads.\",\"breadcrumb\":{\"@id\":\"https:\/\/www.freibad-kevelaer.de\/haus-und-badeordnung\/#breadcrumb\"},\"inLanguage\":\"en-US\",\"potentialAction\":[{\"@type\":\"ReadAction\",\"target\":[\"https:\/\/www.freibad-kevelaer.de\/haus-und-badeordnung\/\"]}]},{\"@type\":\"BreadcrumbList\",\"@id\":\"https:\/\/www.freibad-kevelaer.de\/haus-und-badeordnung\/#breadcrumb\",\"itemListElement\":[{\"@type\":\"ListItem\",\"position\":1,\"name\":\"Startseite\",\"item\":\"https:\/\/www.freibad-kevelaer.de\/\"},{\"@type\":\"ListItem\",\"position\":2,\"name\":\"Haus- und Badeordnung\"}]},{\"@type\":\"WebSite\",\"@id\":\"https:\/\/www.freibad-kevelaer.de\/#website\",\"url\":\"https:\/\/www.freibad-kevelaer.de\/\",\"name\":\"Freibad Kevelaer\",\"description\":\"Neuigkeiten, Services, Eintrittspreise, Mitgliedsantrag... einfach alles \u00fcber das Freibad Kevelaer und den B\u00e4derverein Kevelaer e.V.\",\"alternateName\":\"B\u00e4derverein Kevelaer e.V.\",\"potentialAction\":[{\"@type\":\"SearchAction\",\"target\":{\"@type\":\"EntryPoint\",\"urlTemplate\":\"https:\/\/www.freibad-kevelaer.de\/?s={search_term_string}\"},\"query-input\":{\"@type\":\"PropertyValueSpecification\",\"valueRequired\":true,\"valueName\":\"search_term_string\"}}],\"inLanguage\":\"en-US\"}]}<\/script>\n<!-- \/ Yoast SEO plugin. -->","yoast_head_json":{"title":"Haus- und Badeordnung - Freibad Kevelaer","description":"Die Haus und Badeordnung dient der Sicherheit, Ordnung und Sauberkeit im gesamten Bereich des Hallen- und des Freibads.","robots":{"index":"index","follow":"follow","max-snippet":"max-snippet:-1","max-image-preview":"max-image-preview:large","max-video-preview":"max-video-preview:-1"},"canonical":"https:\/\/www.freibad-kevelaer.de\/en\/haus-und-badeordnung\/","og_locale":"en_US","og_type":"article","og_title":"Haus- und Badeordnung - Freibad Kevelaer","og_description":"Die Haus und Badeordnung dient der Sicherheit, Ordnung und Sauberkeit im gesamten Bereich des Hallen- und des Freibads.","og_url":"https:\/\/www.freibad-kevelaer.de\/en\/haus-und-badeordnung\/","og_site_name":"Freibad Kevelaer","article_publisher":"https:\/\/www.facebook.com\/Wallfahrtsstadt-Kevelaer-Freibad-111020147309254\/","article_modified_time":"2024-07-11T14:04:30+00:00","twitter_card":"summary_large_image","twitter_misc":{"Est. reading time":"1 minute"},"schema":{"@context":"https:\/\/schema.org","@graph":[{"@type":"WebPage","@id":"https:\/\/www.freibad-kevelaer.de\/haus-und-badeordnung\/","url":"https:\/\/www.freibad-kevelaer.de\/haus-und-badeordnung\/","name":"Haus- und Badeordnung - Freibad Kevelaer","isPartOf":{"@id":"https:\/\/www.freibad-kevelaer.de\/#website"},"datePublished":"2020-04-07T16:32:26+00:00","dateModified":"2024-07-11T14:04:30+00:00","description":"Die Haus und Badeordnung dient der Sicherheit, Ordnung und Sauberkeit im gesamten Bereich des Hallen- und des Freibads.","breadcrumb":{"@id":"https:\/\/www.freibad-kevelaer.de\/haus-und-badeordnung\/#breadcrumb"},"inLanguage":"en-US","potentialAction":[{"@type":"ReadAction","target":["https:\/\/www.freibad-kevelaer.de\/haus-und-badeordnung\/"]}]},{"@type":"BreadcrumbList","@id":"https:\/\/www.freibad-kevelaer.de\/haus-und-badeordnung\/#breadcrumb","itemListElement":[{"@type":"ListItem","position":1,"name":"Startseite","item":"https:\/\/www.freibad-kevelaer.de\/"},{"@type":"ListItem","position":2,"name":"Haus- und Badeordnung"}]},{"@type":"WebSite","@id":"https:\/\/www.freibad-kevelaer.de\/#website","url":"https:\/\/www.freibad-kevelaer.de\/","name":"Freibad Kevelaer","description":"Neuigkeiten, Services, Eintrittspreise, Mitgliedsantrag... einfach alles \u00fcber das Freibad Kevelaer und den B\u00e4derverein Kevelaer e.V.","alternateName":"B\u00e4derverein Kevelaer e.V.","potentialAction":[{"@type":"SearchAction","target":{"@type":"EntryPoint","urlTemplate":"https:\/\/www.freibad-kevelaer.de\/?s={search_term_string}"},"query-input":{"@type":"PropertyValueSpecification","valueRequired":true,"valueName":"search_term_string"}}],"inLanguage":"en-US"}]}},"_links":{"self":[{"href":"https:\/\/www.freibad-kevelaer.de\/en\/wp-json\/wp\/v2\/pages\/177","targetHints":{"allow":["GET"]}}],"collection":[{"href":"https:\/\/www.freibad-kevelaer.de\/en\/wp-json\/wp\/v2\/pages"}],"about":[{"href":"https:\/\/www.freibad-kevelaer.de\/en\/wp-json\/wp\/v2\/types\/page"}],"author":[{"embeddable":true,"href":"https:\/\/www.freibad-kevelaer.de\/en\/wp-json\/wp\/v2\/users\/2"}],"replies":[{"embeddable":true,"href":"https:\/\/www.freibad-kevelaer.de\/en\/wp-json\/wp\/v2\/comments?post=177"}],"version-history":[{"count":28,"href":"https:\/\/www.freibad-kevelaer.de\/en\/wp-json\/wp\/v2\/pages\/177\/revisions"}],"predecessor-version":[{"id":3175,"href":"https:\/\/www.freibad-kevelaer.de\/en\/wp-json\/wp\/v2\/pages\/177\/revisions\/3175"}],"wp:attachment":[{"href":"https:\/\/www.freibad-kevelaer.de\/en\/wp-json\/wp\/v2\/media?parent=177"}],"curies":[{"name":"wp","href":"https:\/\/api.w.org\/{rel}","templated":true}]}}