{"id":1648,"date":"2023-08-28T19:31:18","date_gmt":"2023-08-28T19:31:18","guid":{"rendered":"https:\/\/www.freibad-kevelaer.de\/?page_id=1648"},"modified":"2023-09-01T17:55:16","modified_gmt":"2023-09-01T17:55:16","slug":"kontakt","status":"publish","type":"page","link":"https:\/\/www.freibad-kevelaer.de\/en\/kontakt\/","title":{"rendered":"Contact"},"content":{"rendered":"\t\t<div data-elementor-type=\"wp-page\" data-elementor-id=\"1648\" class=\"elementor elementor-1648\">\n\t\t\t\t\t\t<section class=\"elementor-section elementor-top-section elementor-element elementor-element-6499b1a elementor-section-boxed elementor-section-height-default elementor-section-height-default wpr-particle-no wpr-jarallax-no wpr-parallax-no wpr-sticky-section-no\" data-id=\"6499b1a\" data-element_type=\"section\" data-e-type=\"section\">\n\t\t\t\t\t\t<div class=\"elementor-container elementor-column-gap-default\">\n\t\t\t\t\t<div class=\"elementor-column elementor-col-100 elementor-top-column elementor-element elementor-element-18ec6d7\" data-id=\"18ec6d7\" data-element_type=\"column\" data-e-type=\"column\">\n\t\t\t<div class=\"elementor-widget-wrap elementor-element-populated\">\n\t\t\t\t\t\t<div class=\"elementor-element elementor-element-2fa277a elementor-widget elementor-widget-formidable\" data-id=\"2fa277a\" data-element_type=\"widget\" data-e-type=\"widget\" data-widget_type=\"formidable.default\">\n\t\t\t\t<div class=\"elementor-widget-container\">\n\t\t\t\t\t<div class=\"frm_forms  with_frm_style frm_style_formidable-style\" id=\"frm_form_4_container\" data-token=\"0192cf6d803248eecbaec0b525cc1582\">\n<form enctype=\"multipart\/form-data\" method=\"post\" class=\"frm-show-form  frm_js_validate \" id=\"form_contact-form2\" data-token=\"0192cf6d803248eecbaec0b525cc1582\">\n<div class=\"frm_form_fields \">\n<fieldset>\n<legend class=\"frm_screen_reader\">Kontakt_de_pur<\/legend>\r\n\r\n<div class=\"frm_fields_container\">\n<input type=\"hidden\" name=\"frm_action\" value=\"create\" \/>\n<input type=\"hidden\" name=\"form_id\" value=\"4\" \/>\n<input type=\"hidden\" name=\"frm_hide_fields_4\" id=\"frm_hide_fields_4\" value=\"\" \/>\n<input type=\"hidden\" name=\"form_key\" value=\"contact-form2\" \/>\n<input type=\"hidden\" name=\"item_meta[0]\" value=\"\" \/>\n<input type=\"hidden\" id=\"frm_submit_entry_4\" name=\"frm_submit_entry_4\" value=\"c97df42130\" \/><input type=\"hidden\" name=\"_wp_http_referer\" value=\"\/en\/wp-json\/wp\/v2\/pages\/1648\" \/><div id=\"frm_field_17_container\" class=\"frm_form_field form-field  frm_required_field frm_top_container frm_first frm_half\">\r\n    <label for=\"field_qh4icy3\" id=\"field_qh4icy3_label\" class=\"frm_primary_label\">Vorname\r\n        <span class=\"frm_required\">*<\/span>\r\n    <\/label>\r\n    <input type=\"text\" id=\"field_qh4icy3\" name=\"item_meta[17]\" value=\"\"  data-reqmsg=\"Dieses Feld darf nicht leer sein.\" aria-required=\"true\" data-invmsg=\"Name ist ung\u00fcltig\" aria-invalid=\"false\"  \/>\r\n    \r\n    \r\n<\/div>\n<div id=\"frm_field_18_container\" class=\"frm_form_field form-field  frm_required_field frm_top_container frm_half\">\r\n    <label for=\"field_ocfup13\" id=\"field_ocfup13_label\" class=\"frm_primary_label\">Nachname\r\n        <span class=\"frm_required\">*<\/span>\r\n    <\/label>\r\n    <input type=\"text\" id=\"field_ocfup13\" name=\"item_meta[18]\" value=\"\"  data-reqmsg=\"Dieses Feld darf nicht leer sein.\" aria-required=\"true\" data-invmsg=\"Last ist ung\u00fcltig\" aria-invalid=\"false\"  \/>\r\n    \r\n    \r\n<\/div>\n<div id=\"frm_field_19_container\" class=\"frm_form_field form-field  frm_required_field frm_top_container frm_first frm_half\">\r\n    <label for=\"field_40a2t2\" id=\"field_40a2t2_label\" class=\"frm_primary_label\">Telefon\r\n        <span class=\"frm_required\" aria-hidden=\"true\">*<\/span>\r\n    <\/label>\r\n    <input type=\"tel\" id=\"field_40a2t2\" name=\"item_meta[19]\" value=\"\"  data-reqmsg=\"Wir brauchen diese Information, um Dir zu antworten\" aria-required=\"true\" data-invmsg=\"Bitte nur Zahlen ohne Leerstellen eingeben\" aria-invalid=\"false\" pattern=\"((\\+\\d{1,3}(-|.| )?\\(?\\d\\)?(-| |.)?\\d{1,5})|(\\(?\\d{2,6}\\)?))(-|.| )?(\\d{3,4})(-|.| )?(\\d{4})(( x| ext)\\d{1,5}){0,1}$\"  \/>\r\n    \r\n    \r\n<\/div>\n<div id=\"frm_field_20_container\" class=\"frm_form_field form-field  frm_top_container frm_half\">\r\n    <label for=\"field_29yf4d3\" id=\"field_29yf4d3_label\" class=\"frm_primary_label\">E-Mail\r\n        <span class=\"frm_required\"><\/span>\r\n    <\/label>\r\n    <input type=\"email\" id=\"field_29yf4d3\" name=\"item_meta[20]\" value=\"\"  placeholder=\"Deine E-Mail Adresse\" data-invmsg=\"Bitte gib eine g\u00fcltige E-Mail-Adress ein\" aria-invalid=\"false\"  \/>\r\n    \r\n    \r\n<\/div>\n<div id=\"frm_field_21_container\" class=\"frm_form_field form-field  frm_top_container frm_full\">\r\n    <label for=\"field_e6lis63\" id=\"field_e6lis63_label\" class=\"frm_primary_label\">\r\n        <span class=\"frm_required\"><\/span>\r\n    <\/label>\r\n    <input type=\"text\" id=\"field_e6lis63\" name=\"item_meta[21]\" value=\"\"  placeholder=\"Gib einen kurzen Betreff ein\" data-invmsg=\"Subject ist ung\u00fcltig\" aria-invalid=\"false\"  \/>\r\n    \r\n    \r\n<\/div>\n<div id=\"frm_field_22_container\" class=\"frm_form_field form-field  frm_required_field frm_top_container frm_full\">\r\n    <label for=\"field_9jv0r13\" id=\"field_9jv0r13_label\" class=\"frm_primary_label\">Deine Nachricht\r\n        <span class=\"frm_required\">*<\/span>\r\n    <\/label>\r\n    <textarea name=\"item_meta[22]\" id=\"field_9jv0r13\" rows=\"5\"  placeholder=\"Was k\u00f6nnen wir f\u00fcr Dich tun.... ?\" data-reqmsg=\"Bitte beschreib uns kurz, was wir f\u00fcr dich tun k\u00f6nnen\" aria-required=\"true\" data-invmsg=\"Deine Nachricht is invalid\" aria-invalid=\"false\"  ><\/textarea>\r\n    \r\n    \r\n<\/div>\n<div id=\"frm_field_25_container\" class=\"frm_form_field form-field  frm_required_field frm_top_container vertical_radio\">\r\n    <div  id=\"field_200un_label\" class=\"frm_primary_label\">DGSVO Datenschutzerkl\u00e4rung\r\n        <span class=\"frm_required\" aria-hidden=\"true\">*<\/span>\r\n    <\/div>\r\n    <div class=\"frm_opt_container\" aria-labelledby=\"field_200un_label\" role=\"group\">\t\t<div class=\"frm_checkbox\" id=\"frm_checkbox_25-0\">\t\t\t<label  for=\"field_200un-0\">\n\t\t\t<input type=\"checkbox\" name=\"item_meta[25][]\" id=\"field_200un-0\" value=\"Ich willige ein, dass der Empf\u00e4nger dieser Nachricht meine \u00fcbermittelten Informationen speichert, sodass meine Anfrage beantwortet werden kann\"  data-reqmsg=\"Wir k\u00f6nnen Ihre Nachricht nur weiterleiten, wenn Sie der Erkl\u00e4rung zustimmen\" data-invmsg=\"DGSVO Datenschutzerkl\u00e4rung ist ung\u00fcltig\"   aria-required=\"true\"  \/> Ich willige ein, dass der Empf\u00e4nger dieser Nachricht meine \u00fcbermittelten Informationen speichert, sodass meine Anfrage beantwortet werden kann<\/label><\/div>\n<\/div>\r\n    \r\n    \r\n<\/div>\n<div id=\"frm_field_65_container\" class=\"frm_form_field  frm_html_container form-field\">\n<p>Wir verwenden Ihre Angaben zur Beantwortung Ihrer Anfrage. Weitere Informationen finden Sie in unseren <a href=\"https:\/\/www.freibad-kevelaer.de\/datenschutzerklaerung\/\" target=\"_blank\" rel=\"noopener\">Datenschutzhinweisen<\/a>.<\/p>\n<\/div>\n<div id=\"frm_field_63_container\" class=\"frm_form_field form-field \">\n\t<div class=\"frm_submit\">\r\n\r\n<button class=\"frm_button_submit\" type=\"submit\"  >Senden<\/button>\r\n\r\n<\/div>\n<\/div>\n\t<input type=\"hidden\" name=\"item_key\" value=\"\" \/>\n\t\t\t<div id=\"frm_field_85_container\">\n\t\t\t<label for=\"field_43ui4\" >\n\t\t\t\tIf you are human, leave this field blank.\t\t\t<\/label>\n\t\t\t<input  id=\"field_43ui4\" type=\"text\" class=\"frm_form_field form-field frm_verify\" name=\"item_meta[85]\" value=\"\"  \/>\n\t\t<\/div>\n\t\t<input name=\"frm_state\" type=\"hidden\" value=\"lR6sE2z6AYjx88Pln\/uxTqPencqg1nG3cSQID0CXjjg=\" \/><\/div>\n<\/fieldset>\n<\/div>\n\n<p style=\"display: none !important;\" class=\"akismet-fields-container\" data-prefix=\"ak_\"><label>&#916;<textarea name=\"ak_hp_textarea\" cols=\"45\" rows=\"8\" maxlength=\"100\"><\/textarea><\/label><input type=\"hidden\" id=\"ak_js_1\" name=\"ak_js\" value=\"123\"\/><script>document.getElementById( \"ak_js_1\" ).setAttribute( \"value\", ( new Date() ).getTime() );<\/script><\/p><\/form>\n<\/div>\n\t\t\t\t<\/div>\n\t\t\t\t<\/div>\n\t\t\t\t\t<\/div>\n\t\t<\/div>\n\t\t\t\t\t<\/div>\n\t\t<\/section>\n\t\t\t\t<\/div>\n\t\t","protected":false},"excerpt":{"rendered":"<p>Kontakt_de_pur Vorname * Nachname * Telefon * E-Mail Deine Nachricht * DGSVO Erkl\u00e4rung * Ich willige ein, dass der Empf\u00e4nger dieser Nachricht meine \u00fcbermittelten Informationen speichert, sodass meine Anfrage beantwortet werden kann Falls Du menschlich bist, lasse dieses Feld leer. Senden &#916;<\/p>","protected":false},"author":2,"featured_media":0,"parent":0,"menu_order":0,"comment_status":"closed","ping_status":"closed","template":"elementor_canvas","meta":{"footnotes":""},"class_list":["post-1648","page","type-page","status-publish","hentry"],"yoast_head":"<!-- This site is optimized with the Yoast SEO plugin v27.2 - https:\/\/yoast.com\/product\/yoast-seo-wordpress\/ -->\n<title>kontakt - Freibad Kevelaer<\/title>\n<meta name=\"robots\" content=\"index, follow, max-snippet:-1, max-image-preview:large, max-video-preview:-1\" \/>\n<link rel=\"canonical\" href=\"https:\/\/www.freibad-kevelaer.de\/en\/kontakt\/\" \/>\n<meta property=\"og:locale\" content=\"en_US\" \/>\n<meta property=\"og:type\" content=\"article\" \/>\n<meta property=\"og:title\" content=\"kontakt - Freibad Kevelaer\" \/>\n<meta property=\"og:description\" content=\"Kontakt_de_pur Vorname * Nachname * Telefon * E-Mail Deine Nachricht * DGSVO Erkl\u00e4rung * Ich willige ein, dass der Empf\u00e4nger dieser Nachricht meine \u00fcbermittelten Informationen speichert, sodass meine Anfrage beantwortet werden kann Falls Du menschlich bist, lasse dieses Feld leer. Senden &#916;\" \/>\n<meta property=\"og:url\" content=\"https:\/\/www.freibad-kevelaer.de\/en\/kontakt\/\" \/>\n<meta property=\"og:site_name\" content=\"Freibad Kevelaer\" \/>\n<meta property=\"article:publisher\" content=\"https:\/\/www.facebook.com\/Wallfahrtsstadt-Kevelaer-Freibad-111020147309254\/\" \/>\n<meta property=\"article:modified_time\" content=\"2023-09-01T17:55:16+00:00\" \/>\n<meta name=\"twitter:card\" content=\"summary_large_image\" \/>\n<meta name=\"twitter:label1\" content=\"Est. reading time\" \/>\n\t<meta name=\"twitter:data1\" content=\"1 minute\" \/>\n<script type=\"application\/ld+json\" class=\"yoast-schema-graph\">{\"@context\":\"https:\/\/schema.org\",\"@graph\":[{\"@type\":\"WebPage\",\"@id\":\"https:\/\/www.freibad-kevelaer.de\/kontakt\/\",\"url\":\"https:\/\/www.freibad-kevelaer.de\/kontakt\/\",\"name\":\"kontakt - Freibad Kevelaer\",\"isPartOf\":{\"@id\":\"https:\/\/www.freibad-kevelaer.de\/#website\"},\"datePublished\":\"2023-08-28T19:31:18+00:00\",\"dateModified\":\"2023-09-01T17:55:16+00:00\",\"breadcrumb\":{\"@id\":\"https:\/\/www.freibad-kevelaer.de\/kontakt\/#breadcrumb\"},\"inLanguage\":\"en-US\",\"potentialAction\":[{\"@type\":\"ReadAction\",\"target\":[\"https:\/\/www.freibad-kevelaer.de\/kontakt\/\"]}]},{\"@type\":\"BreadcrumbList\",\"@id\":\"https:\/\/www.freibad-kevelaer.de\/kontakt\/#breadcrumb\",\"itemListElement\":[{\"@type\":\"ListItem\",\"position\":1,\"name\":\"Startseite\",\"item\":\"https:\/\/www.freibad-kevelaer.de\/\"},{\"@type\":\"ListItem\",\"position\":2,\"name\":\"kontakt\"}]},{\"@type\":\"WebSite\",\"@id\":\"https:\/\/www.freibad-kevelaer.de\/#website\",\"url\":\"https:\/\/www.freibad-kevelaer.de\/\",\"name\":\"Freibad Kevelaer\",\"description\":\"Neuigkeiten, Services, Eintrittspreise, Mitgliedsantrag... einfach alles \u00fcber das Freibad Kevelaer und den B\u00e4derverein Kevelaer e.V.\",\"alternateName\":\"B\u00e4derverein Kevelaer e.V.\",\"potentialAction\":[{\"@type\":\"SearchAction\",\"target\":{\"@type\":\"EntryPoint\",\"urlTemplate\":\"https:\/\/www.freibad-kevelaer.de\/?s={search_term_string}\"},\"query-input\":{\"@type\":\"PropertyValueSpecification\",\"valueRequired\":true,\"valueName\":\"search_term_string\"}}],\"inLanguage\":\"en-US\"}]}<\/script>\n<!-- \/ Yoast SEO plugin. -->","yoast_head_json":{"title":"kontakt - Freibad Kevelaer","robots":{"index":"index","follow":"follow","max-snippet":"max-snippet:-1","max-image-preview":"max-image-preview:large","max-video-preview":"max-video-preview:-1"},"canonical":"https:\/\/www.freibad-kevelaer.de\/en\/kontakt\/","og_locale":"en_US","og_type":"article","og_title":"kontakt - Freibad Kevelaer","og_description":"Kontakt_de_pur Vorname * Nachname * Telefon * E-Mail Deine Nachricht * DGSVO Erkl\u00e4rung * Ich willige ein, dass der Empf\u00e4nger dieser Nachricht meine \u00fcbermittelten Informationen speichert, sodass meine Anfrage beantwortet werden kann Falls Du menschlich bist, lasse dieses Feld leer. Senden &#916;","og_url":"https:\/\/www.freibad-kevelaer.de\/en\/kontakt\/","og_site_name":"Freibad Kevelaer","article_publisher":"https:\/\/www.facebook.com\/Wallfahrtsstadt-Kevelaer-Freibad-111020147309254\/","article_modified_time":"2023-09-01T17:55:16+00:00","twitter_card":"summary_large_image","twitter_misc":{"Est. reading time":"1 minute"},"schema":{"@context":"https:\/\/schema.org","@graph":[{"@type":"WebPage","@id":"https:\/\/www.freibad-kevelaer.de\/kontakt\/","url":"https:\/\/www.freibad-kevelaer.de\/kontakt\/","name":"kontakt - Freibad Kevelaer","isPartOf":{"@id":"https:\/\/www.freibad-kevelaer.de\/#website"},"datePublished":"2023-08-28T19:31:18+00:00","dateModified":"2023-09-01T17:55:16+00:00","breadcrumb":{"@id":"https:\/\/www.freibad-kevelaer.de\/kontakt\/#breadcrumb"},"inLanguage":"en-US","potentialAction":[{"@type":"ReadAction","target":["https:\/\/www.freibad-kevelaer.de\/kontakt\/"]}]},{"@type":"BreadcrumbList","@id":"https:\/\/www.freibad-kevelaer.de\/kontakt\/#breadcrumb","itemListElement":[{"@type":"ListItem","position":1,"name":"Startseite","item":"https:\/\/www.freibad-kevelaer.de\/"},{"@type":"ListItem","position":2,"name":"kontakt"}]},{"@type":"WebSite","@id":"https:\/\/www.freibad-kevelaer.de\/#website","url":"https:\/\/www.freibad-kevelaer.de\/","name":"Freibad Kevelaer","description":"Neuigkeiten, Services, Eintrittspreise, Mitgliedsantrag... einfach alles \u00fcber das Freibad Kevelaer und den B\u00e4derverein Kevelaer e.V.","alternateName":"B\u00e4derverein Kevelaer e.V.","potentialAction":[{"@type":"SearchAction","target":{"@type":"EntryPoint","urlTemplate":"https:\/\/www.freibad-kevelaer.de\/?s={search_term_string}"},"query-input":{"@type":"PropertyValueSpecification","valueRequired":true,"valueName":"search_term_string"}}],"inLanguage":"en-US"}]}},"_links":{"self":[{"href":"https:\/\/www.freibad-kevelaer.de\/en\/wp-json\/wp\/v2\/pages\/1648","targetHints":{"allow":["GET"]}}],"collection":[{"href":"https:\/\/www.freibad-kevelaer.de\/en\/wp-json\/wp\/v2\/pages"}],"about":[{"href":"https:\/\/www.freibad-kevelaer.de\/en\/wp-json\/wp\/v2\/types\/page"}],"author":[{"embeddable":true,"href":"https:\/\/www.freibad-kevelaer.de\/en\/wp-json\/wp\/v2\/users\/2"}],"replies":[{"embeddable":true,"href":"https:\/\/www.freibad-kevelaer.de\/en\/wp-json\/wp\/v2\/comments?post=1648"}],"version-history":[{"count":7,"href":"https:\/\/www.freibad-kevelaer.de\/en\/wp-json\/wp\/v2\/pages\/1648\/revisions"}],"predecessor-version":[{"id":2411,"href":"https:\/\/www.freibad-kevelaer.de\/en\/wp-json\/wp\/v2\/pages\/1648\/revisions\/2411"}],"wp:attachment":[{"href":"https:\/\/www.freibad-kevelaer.de\/en\/wp-json\/wp\/v2\/media?parent=1648"}],"curies":[{"name":"wp","href":"https:\/\/api.w.org\/{rel}","templated":true}]}}