{"id":1620,"date":"2023-08-28T18:59:55","date_gmt":"2023-08-28T18:59:55","guid":{"rendered":"https:\/\/www.freibad-kevelaer.de\/?page_id=1620"},"modified":"2024-12-30T18:11:27","modified_gmt":"2024-12-30T18:11:27","slug":"lage","status":"publish","type":"page","link":"https:\/\/www.freibad-kevelaer.de\/en\/lage\/","title":{"rendered":"Location"},"content":{"rendered":"<div data-elementor-type=\"wp-page\" data-elementor-id=\"1620\" class=\"elementor elementor-1620\">\n\t\t\t\t\t\t<section class=\"elementor-section elementor-top-section elementor-element elementor-element-42873f8 elementor-section-full_width elementor-section-height-default elementor-section-height-default wpr-particle-no wpr-jarallax-no wpr-parallax-no wpr-sticky-section-no\" data-id=\"42873f8\" data-element_type=\"section\" data-e-type=\"section\">\n\t\t\t\t\t\t<div class=\"elementor-container elementor-column-gap-default\">\n\t\t\t\t\t<div class=\"elementor-column elementor-col-100 elementor-top-column elementor-element elementor-element-bbc87c1\" data-id=\"bbc87c1\" data-element_type=\"column\" data-e-type=\"column\">\n\t\t\t<div class=\"elementor-widget-wrap elementor-element-populated\">\n\t\t\t\t\t\t<div class=\"elementor-element elementor-element-a89131e elementor-widget elementor-widget-heading\" data-id=\"a89131e\" data-element_type=\"widget\" data-e-type=\"widget\" data-widget_type=\"heading.default\">\n\t\t\t\t<div class=\"elementor-widget-container\">\n\t\t\t\t\t<h1 class=\"elementor-heading-title elementor-size-default\">Location and how to get there<\/h1>\t\t\t\t<\/div>\n\t\t\t\t<\/div>\n\t\t\t\t\t<\/div>\n\t\t<\/div>\n\t\t\t\t\t<\/div>\n\t\t<\/section>\n\t\t\t\t<section class=\"elementor-section elementor-top-section elementor-element elementor-element-770a5c4 elementor-section-full_width elementor-section-height-default elementor-section-height-default wpr-particle-no wpr-jarallax-no wpr-parallax-no wpr-sticky-section-no\" data-id=\"770a5c4\" data-element_type=\"section\" data-e-type=\"section\">\n\t\t\t\t\t\t<div class=\"elementor-container elementor-column-gap-default\">\n\t\t\t\t\t<div class=\"elementor-column elementor-col-100 elementor-top-column elementor-element elementor-element-66b1ade\" data-id=\"66b1ade\" data-element_type=\"column\" data-e-type=\"column\">\n\t\t\t<div class=\"elementor-widget-wrap elementor-element-populated\">\n\t\t\t\t\t\t<div class=\"elementor-element elementor-element-af82f98 elementor-widget elementor-widget-spacer\" data-id=\"af82f98\" data-element_type=\"widget\" data-e-type=\"widget\" data-widget_type=\"spacer.default\">\n\t\t\t\t<div class=\"elementor-widget-container\">\n\t\t\t\t\t\t\t<div class=\"elementor-spacer\">\n\t\t\t<div class=\"elementor-spacer-inner\"><\/div>\n\t\t<\/div>\n\t\t\t\t\t\t<\/div>\n\t\t\t\t<\/div>\n\t\t\t\t<div class=\"elementor-element elementor-element-571ebd3 elementor-widget elementor-widget-html\" data-id=\"571ebd3\" data-element_type=\"widget\" data-e-type=\"widget\" data-widget_type=\"html.default\">\n\t\t\t\t<div class=\"elementor-widget-container\">\n\t\t\t\t\t<iframe src=\"https:\/\/www.google.com\/maps\/embed?pb=!1m18!1m12!1m3!1d2479.015698120179!2d6.245643677361129!3d51.58627567183141!2m3!1f0!2f0!3f0!3m2!1i1024!2i768!4f13.1!3m3!1m2!1s0x47c766622a8b2625%3A0x987a840466f8380a!2sDondertstra%C3%9Fe%2C%2047623%20Kevelaer!5e0!3m2!1sde!2sde!4v1693248500806!5m2!1sde!2sde\" width=\"600\" height=\"450\" style=\"border:0;\" allowfullscreen=\"\" loading=\"lazy\" referrerpolicy=\"no-referrer-when-downgrade\"><\/iframe>\t\t\t\t<\/div>\n\t\t\t\t<\/div>\n\t\t\t\t<div class=\"elementor-element elementor-element-e9b17e3 elementor-widget elementor-widget-spacer\" data-id=\"e9b17e3\" data-element_type=\"widget\" data-e-type=\"widget\" data-widget_type=\"spacer.default\">\n\t\t\t\t<div class=\"elementor-widget-container\">\n\t\t\t\t\t\t\t<div class=\"elementor-spacer\">\n\t\t\t<div class=\"elementor-spacer-inner\"><\/div>\n\t\t<\/div>\n\t\t\t\t\t\t<\/div>\n\t\t\t\t<\/div>\n\t\t\t\t\t<\/div>\n\t\t<\/div>\n\t\t\t\t\t<\/div>\n\t\t<\/section>\n\t\t\t\t<section class=\"elementor-section elementor-top-section elementor-element elementor-element-7a29cd1 elementor-section-full_width elementor-section-height-default elementor-section-height-default wpr-particle-no wpr-jarallax-no wpr-parallax-no wpr-sticky-section-no\" data-id=\"7a29cd1\" data-element_type=\"section\" data-e-type=\"section\">\n\t\t\t\t\t\t<div class=\"elementor-container elementor-column-gap-default\">\n\t\t\t\t\t<div class=\"elementor-column elementor-col-33 elementor-top-column elementor-element elementor-element-eca45a8\" data-id=\"eca45a8\" data-element_type=\"column\" data-e-type=\"column\">\n\t\t\t<div class=\"elementor-widget-wrap elementor-element-populated\">\n\t\t\t\t\t\t<div class=\"elementor-element elementor-element-fc159d7 elementor-position-inline-start elementor-view-default elementor-mobile-position-block-start elementor-widget elementor-widget-icon-box\" data-id=\"fc159d7\" data-element_type=\"widget\" data-e-type=\"widget\" data-widget_type=\"icon-box.default\">\n\t\t\t\t<div class=\"elementor-widget-container\">\n\t\t\t\t\t\t\t<div class=\"elementor-icon-box-wrapper\">\n\n\t\t\t\t\t\t<div class=\"elementor-icon-box-icon\">\n\t\t\t\t<span  class=\"elementor-icon\">\n\t\t\t\t<i aria-hidden=\"true\" class=\"fas fa-car\"><\/i>\t\t\t\t<\/span>\n\t\t\t<\/div>\n\t\t\t\n\t\t\t\t\t\t<div class=\"elementor-icon-box-content\">\n\n\t\t\t\t\n\t\t\t\t\t\t\t\t\t<p class=\"elementor-icon-box-description\">\n\t\t\t\t\t\tThe outdoor pool Kevelaer is located at Dondertstra\u00dfe 25 in 47623 Kevelaer. Free parking is available to a limited extent.\t\t\t\t\t<\/p>\n\t\t\t\t\n\t\t\t<\/div>\n\t\t\t\n\t\t<\/div>\n\t\t\t\t\t\t<\/div>\n\t\t\t\t<\/div>\n\t\t\t\t\t<\/div>\n\t\t<\/div>\n\t\t\t\t<div class=\"elementor-column elementor-col-33 elementor-top-column elementor-element elementor-element-baef7cd\" data-id=\"baef7cd\" data-element_type=\"column\" data-e-type=\"column\">\n\t\t\t<div class=\"elementor-widget-wrap elementor-element-populated\">\n\t\t\t\t\t\t<div class=\"elementor-element elementor-element-4a219f8 elementor-position-inline-start elementor-view-default elementor-mobile-position-block-start elementor-widget elementor-widget-icon-box\" data-id=\"4a219f8\" data-element_type=\"widget\" data-e-type=\"widget\" data-widget_type=\"icon-box.default\">\n\t\t\t\t<div class=\"elementor-widget-container\">\n\t\t\t\t\t\t\t<div class=\"elementor-icon-box-wrapper\">\n\n\t\t\t\t\t\t<div class=\"elementor-icon-box-icon\">\n\t\t\t\t<a href=\"https:\/\/www.kevelaer.de\/stadtwerke\/inhalt\/buergerbusse\/\" class=\"elementor-icon\" tabindex=\"-1\">\n\t\t\t\t<i aria-hidden=\"true\" class=\"fas fa-bus\"><\/i>\t\t\t\t<\/a>\n\t\t\t<\/div>\n\t\t\t\n\t\t\t\t\t\t<div class=\"elementor-icon-box-content\">\n\n\t\t\t\t\n\t\t\t\t\t\t\t\t\t<p class=\"elementor-icon-box-description\">\n\t\t\t\t\t\tThe stop for lines 37, 53 and the citizens' buses Kevelaer and Winnekendonk is the hospital Kevelaer.\t\t\t\t\t<\/p>\n\t\t\t\t\n\t\t\t<\/div>\n\t\t\t\n\t\t<\/div>\n\t\t\t\t\t\t<\/div>\n\t\t\t\t<\/div>\n\t\t\t\t\t<\/div>\n\t\t<\/div>\n\t\t\t\t<div class=\"elementor-column elementor-col-33 elementor-top-column elementor-element elementor-element-cdf79b9\" data-id=\"cdf79b9\" data-element_type=\"column\" data-e-type=\"column\">\n\t\t\t<div class=\"elementor-widget-wrap elementor-element-populated\">\n\t\t\t\t\t\t<div class=\"elementor-element elementor-element-ef83cae elementor-position-inline-start elementor-view-default elementor-mobile-position-block-start elementor-widget elementor-widget-icon-box\" data-id=\"ef83cae\" data-element_type=\"widget\" data-e-type=\"widget\" data-widget_type=\"icon-box.default\">\n\t\t\t\t<div class=\"elementor-widget-container\">\n\t\t\t\t\t\t\t<div class=\"elementor-icon-box-wrapper\">\n\n\t\t\t\t\t\t<div class=\"elementor-icon-box-icon\">\n\t\t\t\t<a href=\"https:\/\/fahrplan-bus-bahn.de\/abfahrt-ankunft\/nrw\/kevelaer#\/\" class=\"elementor-icon\" tabindex=\"-1\">\n\t\t\t\t<i aria-hidden=\"true\" class=\"fas fa-train\"><\/i>\t\t\t\t<\/a>\n\t\t\t<\/div>\n\t\t\t\n\t\t\t\t\t\t<div class=\"elementor-icon-box-content\">\n\n\t\t\t\t\n\t\t\t\t\t\t\t\t\t<p class=\"elementor-icon-box-description\">\n\t\t\t\t\t\tThe outdoor pool is located about 800 m from the Kevelaer train station.\t\t\t\t\t<\/p>\n\t\t\t\t\n\t\t\t<\/div>\n\t\t\t\n\t\t<\/div>\n\t\t\t\t\t\t<\/div>\n\t\t\t\t<\/div>\n\t\t\t\t\t<\/div>\n\t\t<\/div>\n\t\t\t\t\t<\/div>\n\t\t<\/section>\n\t\t\t\t<\/div>","protected":false},"excerpt":{"rendered":"<p>Lage und Anfahrt Das Freibad Kevelaer liegt an der Dondertstra\u00dfe 25 in 47623 Kevelaer. Kostenlose Parkl\u00e4tze sind begrenzt vorhanden. Die Haltestelle f\u00fcr die Linien 37, 53 und die B\u00fcrgerbusse Kevelaer und Winnekendonk ist das Krankenhaus Kevelaer. Das Freibad befindet sich ca. 800 m entfernt vom Bahnhof Kevelaer.<\/p>","protected":false},"author":2,"featured_media":0,"parent":0,"menu_order":0,"comment_status":"closed","ping_status":"closed","template":"elementor_canvas","meta":{"footnotes":""},"class_list":["post-1620","page","type-page","status-publish","hentry"],"yoast_head":"<!-- This site is optimized with the Yoast SEO plugin v27.2 - https:\/\/yoast.com\/product\/yoast-seo-wordpress\/ -->\n<title>Lage und Anfahrt - Freibad Kevelaer<\/title>\n<meta name=\"description\" content=\"Das Freibad Kevelaer liegt an der Dondertstra\u00dfe 25 in 47623 Kevelaer. Die genau Lage und Anfahrt zeigen wir Dir auf dieser Seite.\" \/>\n<meta name=\"robots\" content=\"index, follow, max-snippet:-1, max-image-preview:large, max-video-preview:-1\" \/>\n<link rel=\"canonical\" href=\"https:\/\/www.freibad-kevelaer.de\/en\/lage\/\" \/>\n<meta property=\"og:locale\" content=\"en_US\" \/>\n<meta property=\"og:type\" content=\"article\" \/>\n<meta property=\"og:title\" content=\"Lage und Anfahrt - Freibad Kevelaer\" \/>\n<meta property=\"og:description\" content=\"Das Freibad Kevelaer liegt an der Dondertstra\u00dfe 25 in 47623 Kevelaer. Die genau Lage und Anfahrt zeigen wir Dir auf dieser Seite.\" \/>\n<meta property=\"og:url\" content=\"https:\/\/www.freibad-kevelaer.de\/en\/lage\/\" \/>\n<meta property=\"og:site_name\" content=\"Freibad Kevelaer\" \/>\n<meta property=\"article:publisher\" content=\"https:\/\/www.facebook.com\/Wallfahrtsstadt-Kevelaer-Freibad-111020147309254\/\" \/>\n<meta property=\"article:modified_time\" content=\"2024-12-30T18:11:27+00:00\" \/>\n<meta name=\"twitter:card\" content=\"summary_large_image\" \/>\n<meta name=\"twitter:label1\" content=\"Est. reading time\" \/>\n\t<meta name=\"twitter:data1\" content=\"1 minute\" \/>\n<script type=\"application\/ld+json\" class=\"yoast-schema-graph\">{\"@context\":\"https:\/\/schema.org\",\"@graph\":[{\"@type\":\"WebPage\",\"@id\":\"https:\/\/www.freibad-kevelaer.de\/lage\/\",\"url\":\"https:\/\/www.freibad-kevelaer.de\/lage\/\",\"name\":\"Lage und Anfahrt - Freibad Kevelaer\",\"isPartOf\":{\"@id\":\"https:\/\/www.freibad-kevelaer.de\/#website\"},\"datePublished\":\"2023-08-28T18:59:55+00:00\",\"dateModified\":\"2024-12-30T18:11:27+00:00\",\"description\":\"Das Freibad Kevelaer liegt an der Dondertstra\u00dfe 25 in 47623 Kevelaer. Die genau Lage und Anfahrt zeigen wir Dir auf dieser Seite.\",\"breadcrumb\":{\"@id\":\"https:\/\/www.freibad-kevelaer.de\/lage\/#breadcrumb\"},\"inLanguage\":\"en-US\",\"potentialAction\":[{\"@type\":\"ReadAction\",\"target\":[\"https:\/\/www.freibad-kevelaer.de\/lage\/\"]}]},{\"@type\":\"BreadcrumbList\",\"@id\":\"https:\/\/www.freibad-kevelaer.de\/lage\/#breadcrumb\",\"itemListElement\":[{\"@type\":\"ListItem\",\"position\":1,\"name\":\"Startseite\",\"item\":\"https:\/\/www.freibad-kevelaer.de\/\"},{\"@type\":\"ListItem\",\"position\":2,\"name\":\"Lage\"}]},{\"@type\":\"WebSite\",\"@id\":\"https:\/\/www.freibad-kevelaer.de\/#website\",\"url\":\"https:\/\/www.freibad-kevelaer.de\/\",\"name\":\"Freibad Kevelaer\",\"description\":\"Neuigkeiten, Services, Eintrittspreise, Mitgliedsantrag... einfach alles \u00fcber das Freibad Kevelaer und den B\u00e4derverein Kevelaer e.V.\",\"alternateName\":\"B\u00e4derverein Kevelaer e.V.\",\"potentialAction\":[{\"@type\":\"SearchAction\",\"target\":{\"@type\":\"EntryPoint\",\"urlTemplate\":\"https:\/\/www.freibad-kevelaer.de\/?s={search_term_string}\"},\"query-input\":{\"@type\":\"PropertyValueSpecification\",\"valueRequired\":true,\"valueName\":\"search_term_string\"}}],\"inLanguage\":\"en-US\"}]}<\/script>\n<!-- \/ Yoast SEO plugin. -->","yoast_head_json":{"title":"Lage und Anfahrt - Freibad Kevelaer","description":"Das Freibad Kevelaer liegt an der Dondertstra\u00dfe 25 in 47623 Kevelaer. Die genau Lage und Anfahrt zeigen wir Dir auf dieser Seite.","robots":{"index":"index","follow":"follow","max-snippet":"max-snippet:-1","max-image-preview":"max-image-preview:large","max-video-preview":"max-video-preview:-1"},"canonical":"https:\/\/www.freibad-kevelaer.de\/en\/lage\/","og_locale":"en_US","og_type":"article","og_title":"Lage und Anfahrt - Freibad Kevelaer","og_description":"Das Freibad Kevelaer liegt an der Dondertstra\u00dfe 25 in 47623 Kevelaer. Die genau Lage und Anfahrt zeigen wir Dir auf dieser Seite.","og_url":"https:\/\/www.freibad-kevelaer.de\/en\/lage\/","og_site_name":"Freibad Kevelaer","article_publisher":"https:\/\/www.facebook.com\/Wallfahrtsstadt-Kevelaer-Freibad-111020147309254\/","article_modified_time":"2024-12-30T18:11:27+00:00","twitter_card":"summary_large_image","twitter_misc":{"Est. reading time":"1 minute"},"schema":{"@context":"https:\/\/schema.org","@graph":[{"@type":"WebPage","@id":"https:\/\/www.freibad-kevelaer.de\/lage\/","url":"https:\/\/www.freibad-kevelaer.de\/lage\/","name":"Lage und Anfahrt - Freibad Kevelaer","isPartOf":{"@id":"https:\/\/www.freibad-kevelaer.de\/#website"},"datePublished":"2023-08-28T18:59:55+00:00","dateModified":"2024-12-30T18:11:27+00:00","description":"Das Freibad Kevelaer liegt an der Dondertstra\u00dfe 25 in 47623 Kevelaer. Die genau Lage und Anfahrt zeigen wir Dir auf dieser Seite.","breadcrumb":{"@id":"https:\/\/www.freibad-kevelaer.de\/lage\/#breadcrumb"},"inLanguage":"en-US","potentialAction":[{"@type":"ReadAction","target":["https:\/\/www.freibad-kevelaer.de\/lage\/"]}]},{"@type":"BreadcrumbList","@id":"https:\/\/www.freibad-kevelaer.de\/lage\/#breadcrumb","itemListElement":[{"@type":"ListItem","position":1,"name":"Startseite","item":"https:\/\/www.freibad-kevelaer.de\/"},{"@type":"ListItem","position":2,"name":"Lage"}]},{"@type":"WebSite","@id":"https:\/\/www.freibad-kevelaer.de\/#website","url":"https:\/\/www.freibad-kevelaer.de\/","name":"Freibad Kevelaer","description":"Neuigkeiten, Services, Eintrittspreise, Mitgliedsantrag... einfach alles \u00fcber das Freibad Kevelaer und den B\u00e4derverein Kevelaer e.V.","alternateName":"B\u00e4derverein Kevelaer e.V.","potentialAction":[{"@type":"SearchAction","target":{"@type":"EntryPoint","urlTemplate":"https:\/\/www.freibad-kevelaer.de\/?s={search_term_string}"},"query-input":{"@type":"PropertyValueSpecification","valueRequired":true,"valueName":"search_term_string"}}],"inLanguage":"en-US"}]}},"_links":{"self":[{"href":"https:\/\/www.freibad-kevelaer.de\/en\/wp-json\/wp\/v2\/pages\/1620","targetHints":{"allow":["GET"]}}],"collection":[{"href":"https:\/\/www.freibad-kevelaer.de\/en\/wp-json\/wp\/v2\/pages"}],"about":[{"href":"https:\/\/www.freibad-kevelaer.de\/en\/wp-json\/wp\/v2\/types\/page"}],"author":[{"embeddable":true,"href":"https:\/\/www.freibad-kevelaer.de\/en\/wp-json\/wp\/v2\/users\/2"}],"replies":[{"embeddable":true,"href":"https:\/\/www.freibad-kevelaer.de\/en\/wp-json\/wp\/v2\/comments?post=1620"}],"version-history":[{"count":32,"href":"https:\/\/www.freibad-kevelaer.de\/en\/wp-json\/wp\/v2\/pages\/1620\/revisions"}],"predecessor-version":[{"id":3604,"href":"https:\/\/www.freibad-kevelaer.de\/en\/wp-json\/wp\/v2\/pages\/1620\/revisions\/3604"}],"wp:attachment":[{"href":"https:\/\/www.freibad-kevelaer.de\/en\/wp-json\/wp\/v2\/media?parent=1620"}],"curies":[{"name":"wp","href":"https:\/\/api.w.org\/{rel}","templated":true}]}}